{"id":22,"date":"2024-04-18T19:43:53","date_gmt":"2024-04-18T19:43:53","guid":{"rendered":"https:\/\/top-projectco.com\/realty\/home\/"},"modified":"2025-04-11T16:53:10","modified_gmt":"2025-04-11T16:53:10","slug":"home","status":"publish","type":"page","link":"https:\/\/top-projectco.com\/realty\/","title":{"rendered":"Home"},"content":{"rendered":"\n<div class=\"wp-block-group alignfull has-tertiary-background-color has-background has-global-padding is-layout-constrained wp-container-core-group-is-layout-5434fd18 wp-block-group-is-layout-constrained\" style=\"padding-top:var(--wp--preset--spacing--60);padding-right:var(--wp--preset--spacing--30);padding-bottom:var(--wp--preset--spacing--60);padding-left:var(--wp--preset--spacing--30)\">\n<figure class=\"wp-block-image alignwide ext-import\"><img decoding=\"async\" src=\"https:\/\/images.unsplash.com\/photo-1560448204-e02f11c3d0e2?fit=crop&amp;crop=entropy%2Cfaces&amp;auto=format%2Ccompress&amp;w=1280&amp;h=480\" alt=\"\"\/><\/figure>\n\n\n\n<h1 class=\"wp-block-heading alignwide has-text-align-center has-x-large-font-size\" style=\"margin-top:var(--wp--preset--spacing--40)\">Aqu\u00ed empieza tu viaje para encontrar la Propiedad que buscas<\/h1>\n\n\n\n<p class=\"has-text-align-center\" style=\"margin-top:16px\">Descubre las mejores opciones que te ofrece <strong>TOP PROJECT COMPANY<\/strong>.<\/p>\n\n\n\n<div class=\"wp-block-buttons is-content-justification-center is-layout-flex wp-container-core-buttons-is-layout-9165764d wp-block-buttons-is-layout-flex\" style=\"margin-top:var(--wp--preset--spacing--30)\">\n<div class=\"wp-block-button\"><a class=\"wp-block-button__link wp-element-button\" href=\"https:\/\/top-projectco.com\/realty\/contact\/\">Cont\u00e1ctenos<\/a><\/div>\n<\/div>\n<\/div>\n\n\n\n<div class=\"wp-block-group alignfull has-background-background-color has-background has-global-padding is-layout-constrained wp-container-core-group-is-layout-7276a2bb wp-block-group-is-layout-constrained\" style=\"margin-top:0;margin-bottom:0;padding-top:var(--wp--preset--spacing--60);padding-right:var(--wp--preset--spacing--30);padding-bottom:var(--wp--preset--spacing--60);padding-left:var(--wp--preset--spacing--30)\">\n<div class=\"wp-block-columns alignwide are-vertically-aligned-center is-layout-flex wp-container-core-columns-is-layout-47c06fe3 wp-block-columns-is-layout-flex\">\n<div class=\"wp-block-column is-vertically-aligned-center is-layout-flow wp-block-column-is-layout-flow\" style=\"flex-basis:33.3%\">\n<h3 class=\"wp-block-heading has-text-align-left\">Somos expertos en Propiedades en Panam\u00e1<\/h3>\n\n\n\n<p style=\"margin-top:16px\">Encuentre su nuevo hogar, o invierta en una Propiedad que aumente sus beneficios cada a\u00f1o. Nuestra asesor\u00eda y expert\u00edz le brindar\u00e1 las mejores opciones del mercado.<\/p>\n<\/div>\n\n\n\n<div class=\"wp-block-column is-vertically-aligned-center is-layout-flow wp-container-core-column-is-layout-f5bb311e wp-block-column-is-layout-flow\" style=\"flex-basis:50%\">\n<div class=\"wp-block-group is-nowrap is-layout-flex wp-container-core-group-is-layout-bd657856 wp-block-group-is-layout-flex\">\n<figure class=\"wp-block-image ext-import\"><img decoding=\"async\" src=\"https:\/\/images.unsplash.com\/photo-1626178793926-22b28830aa30?fit=crop&amp;crop=entropy%2Cfaces&amp;auto=format%2Ccompress&amp;w=1280&amp;h=960\" alt=\"\" style=\"aspect-ratio:3\/4;object-fit:cover\"\/><\/figure>\n\n\n\n<figure class=\"wp-block-image ext-import\"><img decoding=\"async\" src=\"https:\/\/images.unsplash.com\/photo-1512917774080-9991f1c4c750?fit=crop&amp;crop=entropy%2Cfaces&amp;auto=format%2Ccompress&amp;w=1280&amp;h=960\" alt=\"\" style=\"aspect-ratio:3\/4;object-fit:cover\"\/><\/figure>\n<\/div>\n<\/div>\n<\/div>\n<\/div>\n\n\n\n<div class=\"wp-block-group alignfull has-background-background-color has-background has-global-padding is-layout-constrained wp-container-core-group-is-layout-7276a2bb wp-block-group-is-layout-constrained\" style=\"margin-top:0;margin-bottom:0;padding-top:var(--wp--preset--spacing--60);padding-right:var(--wp--preset--spacing--30);padding-bottom:var(--wp--preset--spacing--60);padding-left:var(--wp--preset--spacing--30)\">\n<div class=\"wp-block-group alignwide has-global-padding is-content-justification-left is-layout-constrained wp-container-core-group-is-layout-8b4c372c wp-block-group-is-layout-constrained\">\n<h3 class=\"wp-block-heading\">Servicio de Bienes Ra\u00edces experto en Panam\u00e1<\/h3>\n\n\n\n<p style=\"margin-top:16px\">Find your dream home or make profitable investments with Pinnacle Properties, Austin&#8217;s premier real estate agency. Trust our experienced agents for personalized services.<\/p>\n<\/div>\n\n\n\n<div class=\"wp-block-columns alignwide is-layout-flex wp-container-core-columns-is-layout-5b525043 wp-block-columns-is-layout-flex\">\n<div class=\"wp-block-column is-layout-flow wp-block-column-is-layout-flow\">\n<figure class=\"wp-block-image size-large ext-aspect-landscape ext-import\"><img loading=\"lazy\" decoding=\"async\" width=\"1024\" height=\"1024\" src=\"https:\/\/top-projectco.com\/realty\/wp-content\/uploads\/2025\/04\/Brisas-Venta-001-1024x1024.jpg\" alt=\"\" class=\"wp-image-114\" srcset=\"https:\/\/top-projectco.com\/realty\/wp-content\/uploads\/2025\/04\/Brisas-Venta-001-1024x1024.jpg 1024w, https:\/\/top-projectco.com\/realty\/wp-content\/uploads\/2025\/04\/Brisas-Venta-001-300x300.jpg 300w, https:\/\/top-projectco.com\/realty\/wp-content\/uploads\/2025\/04\/Brisas-Venta-001-150x150.jpg 150w, https:\/\/top-projectco.com\/realty\/wp-content\/uploads\/2025\/04\/Brisas-Venta-001-768x768.jpg 768w, https:\/\/top-projectco.com\/realty\/wp-content\/uploads\/2025\/04\/Brisas-Venta-001-600x600.jpg 600w, https:\/\/top-projectco.com\/realty\/wp-content\/uploads\/2025\/04\/Brisas-Venta-001-100x100.jpg 100w, https:\/\/top-projectco.com\/realty\/wp-content\/uploads\/2025\/04\/Brisas-Venta-001.jpg 1080w\" sizes=\"auto, (max-width: 1024px) 100vw, 1024px\" \/><\/figure>\n\n\n\n<h3 class=\"wp-block-heading\" style=\"margin-top:24px;font-size:clamp(14px, 0.875rem + ((1vw - 3.2px) * 0.625), 20px);line-height:1.5\">Compre su Propiedad<\/h3>\n\n\n\n<p class=\"has-small-font-size\" style=\"margin-top:8px\">Encontraremos lo que busca en cualquier parte del territorio de Panam\u00e1 con el mejor negocio para usted.<\/p>\n<\/div>\n\n\n\n<div class=\"wp-block-column is-layout-flow wp-block-column-is-layout-flow\">\n<figure class=\"wp-block-image size-large ext-aspect-landscape ext-import\"><a href=\"https:\/\/top-projectco.com\/realty\/gallery\/\"><img loading=\"lazy\" decoding=\"async\" width=\"1024\" height=\"1024\" src=\"https:\/\/top-projectco.com\/realty\/wp-content\/uploads\/2025\/04\/Sta.-Clara-Venta-1024x1024.jpg\" alt=\"\" class=\"wp-image-93\" srcset=\"https:\/\/top-projectco.com\/realty\/wp-content\/uploads\/2025\/04\/Sta.-Clara-Venta-1024x1024.jpg 1024w, https:\/\/top-projectco.com\/realty\/wp-content\/uploads\/2025\/04\/Sta.-Clara-Venta-300x300.jpg 300w, https:\/\/top-projectco.com\/realty\/wp-content\/uploads\/2025\/04\/Sta.-Clara-Venta-150x150.jpg 150w, https:\/\/top-projectco.com\/realty\/wp-content\/uploads\/2025\/04\/Sta.-Clara-Venta-768x768.jpg 768w, https:\/\/top-projectco.com\/realty\/wp-content\/uploads\/2025\/04\/Sta.-Clara-Venta-600x600.jpg 600w, https:\/\/top-projectco.com\/realty\/wp-content\/uploads\/2025\/04\/Sta.-Clara-Venta-100x100.jpg 100w, https:\/\/top-projectco.com\/realty\/wp-content\/uploads\/2025\/04\/Sta.-Clara-Venta.jpg 1080w\" sizes=\"auto, (max-width: 1024px) 100vw, 1024px\" \/><\/a><\/figure>\n\n\n\n<h3 class=\"wp-block-heading\" style=\"margin-top:24px;font-size:clamp(14px, 0.875rem + ((1vw - 3.2px) * 0.625), 20px);line-height:1.5\">Venda su Propiedad<\/h3>\n\n\n\n<p class=\"has-small-font-size\" style=\"margin-top:8px\">Promovemos su venta a trav\u00e9s de una estrategia digital de Marketing y Venta.<\/p>\n<\/div>\n\n\n\n<div class=\"wp-block-column is-layout-flow wp-block-column-is-layout-flow\">\n<figure class=\"wp-block-image size-large ext-aspect-landscape ext-import\"><a href=\"https:\/\/top-projectco.com\/realty\/gallery\/\"><img loading=\"lazy\" decoding=\"async\" width=\"1024\" height=\"1024\" src=\"https:\/\/top-projectco.com\/realty\/wp-content\/uploads\/2025\/04\/Local-Comercial-Plaza-del-Golf-3-1024x1024.jpg\" alt=\"\" class=\"wp-image-92\" srcset=\"https:\/\/top-projectco.com\/realty\/wp-content\/uploads\/2025\/04\/Local-Comercial-Plaza-del-Golf-3-1024x1024.jpg 1024w, https:\/\/top-projectco.com\/realty\/wp-content\/uploads\/2025\/04\/Local-Comercial-Plaza-del-Golf-3-300x300.jpg 300w, https:\/\/top-projectco.com\/realty\/wp-content\/uploads\/2025\/04\/Local-Comercial-Plaza-del-Golf-3-150x150.jpg 150w, https:\/\/top-projectco.com\/realty\/wp-content\/uploads\/2025\/04\/Local-Comercial-Plaza-del-Golf-3-768x768.jpg 768w, https:\/\/top-projectco.com\/realty\/wp-content\/uploads\/2025\/04\/Local-Comercial-Plaza-del-Golf-3-600x600.jpg 600w, https:\/\/top-projectco.com\/realty\/wp-content\/uploads\/2025\/04\/Local-Comercial-Plaza-del-Golf-3-100x100.jpg 100w, https:\/\/top-projectco.com\/realty\/wp-content\/uploads\/2025\/04\/Local-Comercial-Plaza-del-Golf-3.jpg 1080w\" sizes=\"auto, (max-width: 1024px) 100vw, 1024px\" \/><\/a><\/figure>\n\n\n\n<h3 class=\"wp-block-heading\" style=\"margin-top:24px;font-size:clamp(14px, 0.875rem + ((1vw - 3.2px) * 0.625), 20px);line-height:1.5\">Alquile una Propiedad<\/h3>\n\n\n\n<p class=\"has-small-font-size\" style=\"margin-top:8px\">Obtenga el mejor beneficio de su Propiedad al mejor precio del mercado.<\/p>\n<\/div>\n<\/div>\n<\/div>\n\n\n\n<div class=\"wp-block-group alignfull has-background-background-color has-background has-global-padding is-layout-constrained wp-container-core-group-is-layout-68d5e5bb wp-block-group-is-layout-constrained\" style=\"margin-top:0;margin-bottom:0;padding-top:var(--wp--preset--spacing--50);padding-right:var(--wp--preset--spacing--30);padding-bottom:var(--wp--preset--spacing--60);padding-left:var(--wp--preset--spacing--30)\">\n<div class=\"wp-block-columns alignwide is-layout-flex wp-container-core-columns-is-layout-47c06fe3 wp-block-columns-is-layout-flex\">\n<div class=\"wp-block-column is-layout-flow wp-block-column-is-layout-flow\">\n<h3 class=\"wp-block-heading\" style=\"margin-top:12px\">Por qu\u00e9 elegir Top Project Company<\/h3>\n\n\n\n<p style=\"margin-top:16px\">Porque sabemos encontrar el mejor negocio que le conviene.<\/p>\n<\/div>\n\n\n\n<div class=\"wp-block-column is-layout-flow wp-block-column-is-layout-flow\">\n<div class=\"wp-block-group has-global-padding is-layout-constrained wp-block-group-is-layout-constrained\">\n<h3 class=\"wp-block-heading\" style=\"margin-top:16px;font-size:clamp(14px, 0.875rem + ((1vw - 3.2px) * 0.625), 20px);line-height:1.5\">Personal Id\u00f3neo<\/h3>\n\n\n\n<p class=\"has-small-font-size\" style=\"margin-top:8px\">Personal 100% Certificado con Licencia de Corredor de Bienes Ra\u00edces en Panam\u00e1.<\/p>\n<\/div>\n\n\n\n<div class=\"wp-block-group has-global-padding is-layout-constrained wp-block-group-is-layout-constrained\">\n<h3 class=\"wp-block-heading\" style=\"margin-top:16px;font-size:clamp(14px, 0.875rem + ((1vw - 3.2px) * 0.625), 20px);line-height:1.5\">Un Aliado a su servicio<\/h3>\n\n\n\n<p class=\"has-small-font-size\" style=\"margin-top:8px\">Servicio personalizado con la confianza de un experto.<\/p>\n<\/div>\n\n\n\n<div class=\"wp-block-group has-global-padding is-layout-constrained wp-block-group-is-layout-constrained\">\n<h3 class=\"wp-block-heading\" style=\"margin-top:16px;font-size:clamp(14px, 0.875rem + ((1vw - 3.2px) * 0.625), 20px);line-height:1.5\">Las mejores propiedades<\/h3>\n\n\n\n<p class=\"has-small-font-size\" style=\"margin-top:8px\">Maximice y Optimice su inversi\u00f3n con las mejores oportunidades del mercado.<\/p>\n<\/div>\n<\/div>\n\n\n\n<div class=\"wp-block-column is-layout-flow wp-block-column-is-layout-flow\">\n<div class=\"wp-block-group has-global-padding is-layout-constrained wp-block-group-is-layout-constrained\">\n<h3 class=\"wp-block-heading\" style=\"margin-top:16px;font-size:clamp(14px, 0.875rem + ((1vw - 3.2px) * 0.625), 20px);line-height:1.5\">Conocimiento Local<\/h3>\n\n\n\n<p class=\"has-small-font-size\" style=\"margin-top:8px\">Conocer el mercado local le asegura la mejor asesor\u00eda en la compra\/venta y del proceso.<\/p>\n<\/div>\n\n\n\n<div class=\"wp-block-group has-global-padding is-layout-constrained wp-block-group-is-layout-constrained\">\n<h3 class=\"wp-block-heading\" style=\"margin-top:16px;font-size:clamp(14px, 0.875rem + ((1vw - 3.2px) * 0.625), 20px);line-height:1.5\">Descubra lo que quiere y lo que necesita<\/h3>\n\n\n\n<p class=\"has-small-font-size\" style=\"margin-top:8px\">Vea y Eval\u00fae las opciones disponibles que m\u00e1s le convienen a su presupuesto y necesidades.<\/p>\n<\/div>\n<\/div>\n<\/div>\n<\/div>\n\n\n\n<div class=\"wp-block-group alignfull has-background-background-color has-background has-global-padding is-layout-constrained wp-container-core-group-is-layout-7276a2bb wp-block-group-is-layout-constrained\" style=\"margin-top:0;margin-bottom:0;padding-top:var(--wp--preset--spacing--60);padding-right:var(--wp--preset--spacing--30);padding-bottom:var(--wp--preset--spacing--60);padding-left:var(--wp--preset--spacing--30)\">\n<div class=\"wp-block-columns alignwide is-layout-flex wp-container-core-columns-is-layout-fa584acd wp-block-columns-is-layout-flex\">\n<div class=\"wp-block-column is-layout-flow wp-block-column-is-layout-flow\" style=\"flex-basis:50%\">\n<h3 class=\"wp-block-heading\">Cont\u00e1ctenos para buscar sus sue\u00f1os en PANAM\u00c1!<\/h3>\n\n\n\n<p><strong>Jos\u00e9 Antonio Daniel<\/strong><\/p>\n\n\n\n<p style=\"margin-top:0;margin-bottom:12px\"><strong>Corredor de Bienes Ra\u00edces<\/strong><\/p>\n\n\n\n<p class=\"has-small-font-size\" style=\"margin-top:8px\">(+507) 6278-8600<\/p>\n\n\n\n<p class=\"has-small-font-size\" style=\"margin-top:8px\">jadaniel@top-projectco.com<\/p>\n<\/div>\n\n\n\n<div class=\"wp-block-column is-layout-flow wp-block-column-is-layout-flow\" style=\"flex-basis:50%\">\n<div class=\"mapouter\"><div class=\"gmap_canvas\"><iframe loading=\"lazy\" width=\"600\" height=\"500\" id=\"gmap_canvas\" src=\"https:\/\/maps.google.com\/maps?q=Panama%20City,%20panama&#038;t=&#038;z=13&#038;ie=UTF8&#038;iwloc=&#038;output=embed\" frameborder=\"0\" scrolling=\"no\" marginheight=\"0\" marginwidth=\"0\"><\/iframe><a href=\"https:\/\/embedgooglemap.net\/124\/\">123movies<\/a><br><style>.mapouter{position:relative;text-align:right;height:500px;width:600px;}<\/style><a href=\"https:\/\/www.embedgooglemap.net\">embedgooglemap.net<\/a><style>.gmap_canvas {overflow:hidden;background:none!important;height:500px;width:600px;}<\/style><\/div><\/div>\n<\/div>\n<\/div>\n<\/div>\n","protected":false},"excerpt":{"rendered":"<p>Aqu\u00ed empieza tu viaje para encontrar la Propiedad que buscas Descubre las mejores opciones que te ofrece TOP PROJECT COMPANY. Somos expertos en Propiedades en Panam\u00e1 Encuentre su nuevo hogar, o invierta en una Propiedad que aumente sus beneficios cada a\u00f1o. Nuestra asesor\u00eda y expert\u00edz le brindar\u00e1 las mejores opciones del mercado. Servicio de Bienes [&hellip;]<\/p>\n","protected":false},"author":1,"featured_media":0,"parent":0,"menu_order":0,"comment_status":"closed","ping_status":"closed","template":"no-title","meta":{"footnotes":""},"class_list":["post-22","page","type-page","status-publish","hentry"],"_links":{"self":[{"href":"https:\/\/top-projectco.com\/realty\/wp-json\/wp\/v2\/pages\/22","targetHints":{"allow":["GET"]}}],"collection":[{"href":"https:\/\/top-projectco.com\/realty\/wp-json\/wp\/v2\/pages"}],"about":[{"href":"https:\/\/top-projectco.com\/realty\/wp-json\/wp\/v2\/types\/page"}],"author":[{"embeddable":true,"href":"https:\/\/top-projectco.com\/realty\/wp-json\/wp\/v2\/users\/1"}],"replies":[{"embeddable":true,"href":"https:\/\/top-projectco.com\/realty\/wp-json\/wp\/v2\/comments?post=22"}],"version-history":[{"count":10,"href":"https:\/\/top-projectco.com\/realty\/wp-json\/wp\/v2\/pages\/22\/revisions"}],"predecessor-version":[{"id":116,"href":"https:\/\/top-projectco.com\/realty\/wp-json\/wp\/v2\/pages\/22\/revisions\/116"}],"wp:attachment":[{"href":"https:\/\/top-projectco.com\/realty\/wp-json\/wp\/v2\/media?parent=22"}],"curies":[{"name":"wp","href":"https:\/\/api.w.org\/{rel}","templated":true}]}}