{"id":17,"date":"2024-04-18T19:43:49","date_gmt":"2024-04-18T19:43:49","guid":{"rendered":"https:\/\/top-projectco.com\/realty\/gallery\/"},"modified":"2025-04-11T16:54:35","modified_gmt":"2025-04-11T16:54:35","slug":"gallery","status":"publish","type":"page","link":"https:\/\/top-projectco.com\/realty\/gallery\/","title":{"rendered":"Galer\u00eda"},"content":{"rendered":"\n<div class=\"wp-block-group alignfull has-background-background-color has-background has-global-padding is-layout-constrained wp-container-core-group-is-layout-33b721a0 wp-block-group-is-layout-constrained\" style=\"margin-top:0;margin-bottom:0;padding-top:0;padding-right:0;padding-left:0\">\n<div class=\"wp-block-cover alignfull ext-import\" style=\"padding-top:0;padding-right:var(--wp--preset--spacing--30);padding-bottom:0;padding-left:var(--wp--preset--spacing--30);min-height:50px;aspect-ratio:unset;\"><span aria-hidden=\"true\" class=\"wp-block-cover__background has-black-background-color has-background-dim-60 has-background-dim\"><\/span><img decoding=\"async\" class=\"wp-block-cover__image-background\" alt=\"\" src=\"https:\/\/images.unsplash.com\/photo-1554995207-c18c203602cb?fit=crop&amp;crop=entropy%2Cfaces&amp;auto=format%2Ccompress&amp;w=1280\" data-object-fit=\"cover\"\/><div class=\"wp-block-cover__inner-container is-layout-flow wp-block-cover-is-layout-flow\">\n<div class=\"wp-block-group has-global-padding is-layout-constrained wp-block-group-is-layout-constrained\" style=\"padding-top:var(--wp--preset--spacing--60);padding-bottom:var(--wp--preset--spacing--60)\">\n<div class=\"wp-block-group alignwide has-global-padding is-content-justification-left is-layout-constrained wp-container-core-group-is-layout-12dd3699 wp-block-group-is-layout-constrained\">\n<h1 class=\"wp-block-heading has-text-color has-x-large-font-size\" style=\"color:#fffffffc\">Explore Nuestra Galer\u00eda de estupendas Propiedades en Panam\u00e1<\/h1>\n\n\n\n<p class=\"has-text-color\" style=\"color:#fffffffc;margin-top:16px\">Descubra el hogar que busca u Ofrezca la Propiedad que tenga en nuestro portafolio<\/p>\n<\/div>\n<\/div>\n<\/div><\/div>\n<\/div>\n\n\n\n<div class=\"wp-block-group alignfull has-background-background-color has-background has-global-padding is-layout-constrained wp-container-core-group-is-layout-a5842943 wp-block-group-is-layout-constrained\" style=\"padding-top:var(--wp--preset--spacing--60);padding-right:var(--wp--preset--spacing--30);padding-bottom:var(--wp--preset--spacing--60);padding-left:var(--wp--preset--spacing--30)\">\n<figure class=\"wp-block-gallery alignwide has-nested-images columns-default wp-block-gallery-1 is-layout-flex wp-block-gallery-is-layout-flex\">\n<figure class=\"wp-block-image size-large ext-import\"><a href=\"https:\/\/top-projectco.com\/realty\/local-comercial-brisas-del-golf\/\"><img loading=\"lazy\" decoding=\"async\" width=\"1024\" height=\"1024\" data-id=\"87\" src=\"https:\/\/top-projectco.com\/realty\/wp-content\/uploads\/2025\/04\/Local-Comercial-Plaza-del-Golf-1-1024x1024.jpg\" alt=\"\" class=\"wp-image-87\" srcset=\"https:\/\/top-projectco.com\/realty\/wp-content\/uploads\/2025\/04\/Local-Comercial-Plaza-del-Golf-1-1024x1024.jpg 1024w, https:\/\/top-projectco.com\/realty\/wp-content\/uploads\/2025\/04\/Local-Comercial-Plaza-del-Golf-1-300x300.jpg 300w, https:\/\/top-projectco.com\/realty\/wp-content\/uploads\/2025\/04\/Local-Comercial-Plaza-del-Golf-1-150x150.jpg 150w, https:\/\/top-projectco.com\/realty\/wp-content\/uploads\/2025\/04\/Local-Comercial-Plaza-del-Golf-1-768x768.jpg 768w, https:\/\/top-projectco.com\/realty\/wp-content\/uploads\/2025\/04\/Local-Comercial-Plaza-del-Golf-1-600x600.jpg 600w, https:\/\/top-projectco.com\/realty\/wp-content\/uploads\/2025\/04\/Local-Comercial-Plaza-del-Golf-1-100x100.jpg 100w, https:\/\/top-projectco.com\/realty\/wp-content\/uploads\/2025\/04\/Local-Comercial-Plaza-del-Golf-1.jpg 1080w\" sizes=\"auto, (max-width: 1024px) 100vw, 1024px\" \/><\/a><\/figure>\n\n\n\n<figure data-wp-context=\"{&quot;imageId&quot;:&quot;69f4d9d0b25b4&quot;}\" data-wp-interactive=\"core\/image\" data-wp-key=\"69f4d9d0b25b4\" class=\"wp-block-image size-large ext-import wp-lightbox-container\"><img loading=\"lazy\" decoding=\"async\" width=\"1024\" height=\"1024\" data-wp-class--hide=\"state.isContentHidden\" data-wp-class--show=\"state.isContentVisible\" data-wp-init=\"callbacks.setButtonStyles\" data-wp-on--click=\"actions.showLightbox\" data-wp-on--load=\"callbacks.setButtonStyles\" data-wp-on-window--resize=\"callbacks.setButtonStyles\" data-id=\"114\" src=\"https:\/\/top-projectco.com\/realty\/wp-content\/uploads\/2025\/04\/Brisas-Venta-001-1024x1024.jpg\" alt=\"\" class=\"wp-image-114\" srcset=\"https:\/\/top-projectco.com\/realty\/wp-content\/uploads\/2025\/04\/Brisas-Venta-001-1024x1024.jpg 1024w, https:\/\/top-projectco.com\/realty\/wp-content\/uploads\/2025\/04\/Brisas-Venta-001-300x300.jpg 300w, https:\/\/top-projectco.com\/realty\/wp-content\/uploads\/2025\/04\/Brisas-Venta-001-150x150.jpg 150w, https:\/\/top-projectco.com\/realty\/wp-content\/uploads\/2025\/04\/Brisas-Venta-001-768x768.jpg 768w, https:\/\/top-projectco.com\/realty\/wp-content\/uploads\/2025\/04\/Brisas-Venta-001-600x600.jpg 600w, https:\/\/top-projectco.com\/realty\/wp-content\/uploads\/2025\/04\/Brisas-Venta-001-100x100.jpg 100w, https:\/\/top-projectco.com\/realty\/wp-content\/uploads\/2025\/04\/Brisas-Venta-001.jpg 1080w\" sizes=\"auto, (max-width: 1024px) 100vw, 1024px\" \/><button\n\t\t\tclass=\"lightbox-trigger\"\n\t\t\ttype=\"button\"\n\t\t\taria-haspopup=\"dialog\"\n\t\t\taria-label=\"Enlarge\"\n\t\t\tdata-wp-init=\"callbacks.initTriggerButton\"\n\t\t\tdata-wp-on--click=\"actions.showLightbox\"\n\t\t\tdata-wp-style--right=\"state.imageButtonRight\"\n\t\t\tdata-wp-style--top=\"state.imageButtonTop\"\n\t\t>\n\t\t\t<svg xmlns=\"http:\/\/www.w3.org\/2000\/svg\" width=\"12\" height=\"12\" fill=\"none\" viewBox=\"0 0 12 12\">\n\t\t\t\t<path fill=\"#fff\" d=\"M2 0a2 2 0 0 0-2 2v2h1.5V2a.5.5 0 0 1 .5-.5h2V0H2Zm2 10.5H2a.5.5 0 0 1-.5-.5V8H0v2a2 2 0 0 0 2 2h2v-1.5ZM8 12v-1.5h2a.5.5 0 0 0 .5-.5V8H12v2a2 2 0 0 1-2 2H8Zm2-12a2 2 0 0 1 2 2v2h-1.5V2a.5.5 0 0 0-.5-.5H8V0h2Z\" \/>\n\t\t\t<\/svg>\n\t\t<\/button><\/figure>\n\n\n\n<figure data-wp-context=\"{&quot;imageId&quot;:&quot;69f4d9d0b2bad&quot;}\" data-wp-interactive=\"core\/image\" data-wp-key=\"69f4d9d0b2bad\" class=\"wp-block-image size-large ext-import wp-lightbox-container\"><img loading=\"lazy\" decoding=\"async\" width=\"1024\" height=\"1024\" data-wp-class--hide=\"state.isContentHidden\" data-wp-class--show=\"state.isContentVisible\" data-wp-init=\"callbacks.setButtonStyles\" data-wp-on--click=\"actions.showLightbox\" data-wp-on--load=\"callbacks.setButtonStyles\" data-wp-on-window--resize=\"callbacks.setButtonStyles\" data-id=\"93\" src=\"https:\/\/top-projectco.com\/realty\/wp-content\/uploads\/2025\/04\/Sta.-Clara-Venta-1024x1024.jpg\" alt=\"Sta Clara se vende\" class=\"wp-image-93\" srcset=\"https:\/\/top-projectco.com\/realty\/wp-content\/uploads\/2025\/04\/Sta.-Clara-Venta-1024x1024.jpg 1024w, https:\/\/top-projectco.com\/realty\/wp-content\/uploads\/2025\/04\/Sta.-Clara-Venta-300x300.jpg 300w, https:\/\/top-projectco.com\/realty\/wp-content\/uploads\/2025\/04\/Sta.-Clara-Venta-150x150.jpg 150w, https:\/\/top-projectco.com\/realty\/wp-content\/uploads\/2025\/04\/Sta.-Clara-Venta-768x768.jpg 768w, https:\/\/top-projectco.com\/realty\/wp-content\/uploads\/2025\/04\/Sta.-Clara-Venta-600x600.jpg 600w, https:\/\/top-projectco.com\/realty\/wp-content\/uploads\/2025\/04\/Sta.-Clara-Venta-100x100.jpg 100w, https:\/\/top-projectco.com\/realty\/wp-content\/uploads\/2025\/04\/Sta.-Clara-Venta.jpg 1080w\" sizes=\"auto, (max-width: 1024px) 100vw, 1024px\" \/><button\n\t\t\tclass=\"lightbox-trigger\"\n\t\t\ttype=\"button\"\n\t\t\taria-haspopup=\"dialog\"\n\t\t\taria-label=\"Enlarge\"\n\t\t\tdata-wp-init=\"callbacks.initTriggerButton\"\n\t\t\tdata-wp-on--click=\"actions.showLightbox\"\n\t\t\tdata-wp-style--right=\"state.imageButtonRight\"\n\t\t\tdata-wp-style--top=\"state.imageButtonTop\"\n\t\t>\n\t\t\t<svg xmlns=\"http:\/\/www.w3.org\/2000\/svg\" width=\"12\" height=\"12\" fill=\"none\" viewBox=\"0 0 12 12\">\n\t\t\t\t<path fill=\"#fff\" d=\"M2 0a2 2 0 0 0-2 2v2h1.5V2a.5.5 0 0 1 .5-.5h2V0H2Zm2 10.5H2a.5.5 0 0 1-.5-.5V8H0v2a2 2 0 0 0 2 2h2v-1.5ZM8 12v-1.5h2a.5.5 0 0 0 .5-.5V8H12v2a2 2 0 0 1-2 2H8Zm2-12a2 2 0 0 1 2 2v2h-1.5V2a.5.5 0 0 0-.5-.5H8V0h2Z\" \/>\n\t\t\t<\/svg>\n\t\t<\/button><\/figure>\n\n\n\n<figure data-wp-context=\"{&quot;imageId&quot;:&quot;69f4d9d0b309c&quot;}\" data-wp-interactive=\"core\/image\" data-wp-key=\"69f4d9d0b309c\" class=\"wp-block-image size-large ext-import wp-lightbox-container\"><img loading=\"lazy\" decoding=\"async\" width=\"1024\" height=\"1024\" data-wp-class--hide=\"state.isContentHidden\" data-wp-class--show=\"state.isContentVisible\" data-wp-init=\"callbacks.setButtonStyles\" data-wp-on--click=\"actions.showLightbox\" data-wp-on--load=\"callbacks.setButtonStyles\" data-wp-on-window--resize=\"callbacks.setButtonStyles\" data-id=\"32\" src=\"https:\/\/top-projectco.com\/realty\/wp-content\/uploads\/2024\/04\/Famagosta-Venta-1024x1024.jpg\" alt=\"\" class=\"wp-image-32\" srcset=\"https:\/\/top-projectco.com\/realty\/wp-content\/uploads\/2024\/04\/Famagosta-Venta-1024x1024.jpg 1024w, https:\/\/top-projectco.com\/realty\/wp-content\/uploads\/2024\/04\/Famagosta-Venta-300x300.jpg 300w, https:\/\/top-projectco.com\/realty\/wp-content\/uploads\/2024\/04\/Famagosta-Venta-150x150.jpg 150w, https:\/\/top-projectco.com\/realty\/wp-content\/uploads\/2024\/04\/Famagosta-Venta-768x768.jpg 768w, https:\/\/top-projectco.com\/realty\/wp-content\/uploads\/2024\/04\/Famagosta-Venta-400x400.jpg 400w, https:\/\/top-projectco.com\/realty\/wp-content\/uploads\/2024\/04\/Famagosta-Venta-600x600.jpg 600w, https:\/\/top-projectco.com\/realty\/wp-content\/uploads\/2024\/04\/Famagosta-Venta-100x100.jpg 100w, https:\/\/top-projectco.com\/realty\/wp-content\/uploads\/2024\/04\/Famagosta-Venta.jpg 1080w\" sizes=\"auto, (max-width: 1024px) 100vw, 1024px\" \/><button\n\t\t\tclass=\"lightbox-trigger\"\n\t\t\ttype=\"button\"\n\t\t\taria-haspopup=\"dialog\"\n\t\t\taria-label=\"Enlarge\"\n\t\t\tdata-wp-init=\"callbacks.initTriggerButton\"\n\t\t\tdata-wp-on--click=\"actions.showLightbox\"\n\t\t\tdata-wp-style--right=\"state.imageButtonRight\"\n\t\t\tdata-wp-style--top=\"state.imageButtonTop\"\n\t\t>\n\t\t\t<svg xmlns=\"http:\/\/www.w3.org\/2000\/svg\" width=\"12\" height=\"12\" fill=\"none\" viewBox=\"0 0 12 12\">\n\t\t\t\t<path fill=\"#fff\" d=\"M2 0a2 2 0 0 0-2 2v2h1.5V2a.5.5 0 0 1 .5-.5h2V0H2Zm2 10.5H2a.5.5 0 0 1-.5-.5V8H0v2a2 2 0 0 0 2 2h2v-1.5ZM8 12v-1.5h2a.5.5 0 0 0 .5-.5V8H12v2a2 2 0 0 1-2 2H8Zm2-12a2 2 0 0 1 2 2v2h-1.5V2a.5.5 0 0 0-.5-.5H8V0h2Z\" \/>\n\t\t\t<\/svg>\n\t\t<\/button><\/figure>\n\n\n\n<figure data-wp-context=\"{&quot;imageId&quot;:&quot;69f4d9d0b3589&quot;}\" data-wp-interactive=\"core\/image\" data-wp-key=\"69f4d9d0b3589\" class=\"wp-block-image size-large ext-import wp-lightbox-container\"><img loading=\"lazy\" decoding=\"async\" width=\"1024\" height=\"1024\" data-wp-class--hide=\"state.isContentHidden\" data-wp-class--show=\"state.isContentVisible\" data-wp-init=\"callbacks.setButtonStyles\" data-wp-on--click=\"actions.showLightbox\" data-wp-on--load=\"callbacks.setButtonStyles\" data-wp-on-window--resize=\"callbacks.setButtonStyles\" data-id=\"91\" src=\"https:\/\/top-projectco.com\/realty\/wp-content\/uploads\/2025\/04\/Nea-Koroni-Venta-1024x1024.jpg\" alt=\"\" class=\"wp-image-91\" srcset=\"https:\/\/top-projectco.com\/realty\/wp-content\/uploads\/2025\/04\/Nea-Koroni-Venta-1024x1024.jpg 1024w, https:\/\/top-projectco.com\/realty\/wp-content\/uploads\/2025\/04\/Nea-Koroni-Venta-300x300.jpg 300w, https:\/\/top-projectco.com\/realty\/wp-content\/uploads\/2025\/04\/Nea-Koroni-Venta-150x150.jpg 150w, https:\/\/top-projectco.com\/realty\/wp-content\/uploads\/2025\/04\/Nea-Koroni-Venta-768x768.jpg 768w, https:\/\/top-projectco.com\/realty\/wp-content\/uploads\/2025\/04\/Nea-Koroni-Venta-600x600.jpg 600w, https:\/\/top-projectco.com\/realty\/wp-content\/uploads\/2025\/04\/Nea-Koroni-Venta-100x100.jpg 100w, https:\/\/top-projectco.com\/realty\/wp-content\/uploads\/2025\/04\/Nea-Koroni-Venta.jpg 1080w\" sizes=\"auto, (max-width: 1024px) 100vw, 1024px\" \/><button\n\t\t\tclass=\"lightbox-trigger\"\n\t\t\ttype=\"button\"\n\t\t\taria-haspopup=\"dialog\"\n\t\t\taria-label=\"Enlarge\"\n\t\t\tdata-wp-init=\"callbacks.initTriggerButton\"\n\t\t\tdata-wp-on--click=\"actions.showLightbox\"\n\t\t\tdata-wp-style--right=\"state.imageButtonRight\"\n\t\t\tdata-wp-style--top=\"state.imageButtonTop\"\n\t\t>\n\t\t\t<svg xmlns=\"http:\/\/www.w3.org\/2000\/svg\" width=\"12\" height=\"12\" fill=\"none\" viewBox=\"0 0 12 12\">\n\t\t\t\t<path fill=\"#fff\" d=\"M2 0a2 2 0 0 0-2 2v2h1.5V2a.5.5 0 0 1 .5-.5h2V0H2Zm2 10.5H2a.5.5 0 0 1-.5-.5V8H0v2a2 2 0 0 0 2 2h2v-1.5ZM8 12v-1.5h2a.5.5 0 0 0 .5-.5V8H12v2a2 2 0 0 1-2 2H8Zm2-12a2 2 0 0 1 2 2v2h-1.5V2a.5.5 0 0 0-.5-.5H8V0h2Z\" \/>\n\t\t\t<\/svg>\n\t\t<\/button><\/figure>\n\n\n\n<figure data-wp-context=\"{&quot;imageId&quot;:&quot;69f4d9d0b3b00&quot;}\" data-wp-interactive=\"core\/image\" data-wp-key=\"69f4d9d0b3b00\" class=\"wp-block-image size-large ext-import wp-lightbox-container\"><img loading=\"lazy\" decoding=\"async\" width=\"1024\" height=\"1024\" data-wp-class--hide=\"state.isContentHidden\" data-wp-class--show=\"state.isContentVisible\" data-wp-init=\"callbacks.setButtonStyles\" data-wp-on--click=\"actions.showLightbox\" data-wp-on--load=\"callbacks.setButtonStyles\" data-wp-on-window--resize=\"callbacks.setButtonStyles\" data-id=\"35\" src=\"https:\/\/top-projectco.com\/realty\/wp-content\/uploads\/2024\/04\/Finca-Manafis-Venta-1024x1024.jpg\" alt=\"\" class=\"wp-image-35\" srcset=\"https:\/\/top-projectco.com\/realty\/wp-content\/uploads\/2024\/04\/Finca-Manafis-Venta-1024x1024.jpg 1024w, https:\/\/top-projectco.com\/realty\/wp-content\/uploads\/2024\/04\/Finca-Manafis-Venta-300x300.jpg 300w, https:\/\/top-projectco.com\/realty\/wp-content\/uploads\/2024\/04\/Finca-Manafis-Venta-150x150.jpg 150w, https:\/\/top-projectco.com\/realty\/wp-content\/uploads\/2024\/04\/Finca-Manafis-Venta-768x768.jpg 768w, https:\/\/top-projectco.com\/realty\/wp-content\/uploads\/2024\/04\/Finca-Manafis-Venta-400x400.jpg 400w, https:\/\/top-projectco.com\/realty\/wp-content\/uploads\/2024\/04\/Finca-Manafis-Venta-600x600.jpg 600w, https:\/\/top-projectco.com\/realty\/wp-content\/uploads\/2024\/04\/Finca-Manafis-Venta-100x100.jpg 100w, https:\/\/top-projectco.com\/realty\/wp-content\/uploads\/2024\/04\/Finca-Manafis-Venta.jpg 1080w\" sizes=\"auto, (max-width: 1024px) 100vw, 1024px\" \/><button\n\t\t\tclass=\"lightbox-trigger\"\n\t\t\ttype=\"button\"\n\t\t\taria-haspopup=\"dialog\"\n\t\t\taria-label=\"Enlarge\"\n\t\t\tdata-wp-init=\"callbacks.initTriggerButton\"\n\t\t\tdata-wp-on--click=\"actions.showLightbox\"\n\t\t\tdata-wp-style--right=\"state.imageButtonRight\"\n\t\t\tdata-wp-style--top=\"state.imageButtonTop\"\n\t\t>\n\t\t\t<svg xmlns=\"http:\/\/www.w3.org\/2000\/svg\" width=\"12\" height=\"12\" fill=\"none\" viewBox=\"0 0 12 12\">\n\t\t\t\t<path fill=\"#fff\" d=\"M2 0a2 2 0 0 0-2 2v2h1.5V2a.5.5 0 0 1 .5-.5h2V0H2Zm2 10.5H2a.5.5 0 0 1-.5-.5V8H0v2a2 2 0 0 0 2 2h2v-1.5ZM8 12v-1.5h2a.5.5 0 0 0 .5-.5V8H12v2a2 2 0 0 1-2 2H8Zm2-12a2 2 0 0 1 2 2v2h-1.5V2a.5.5 0 0 0-.5-.5H8V0h2Z\" \/>\n\t\t\t<\/svg>\n\t\t<\/button><\/figure>\n<\/figure>\n<\/div>\n\n\n\n<div class=\"wp-block-group alignfull has-background-background-color has-background has-global-padding is-layout-constrained wp-container-core-group-is-layout-7276a2bb wp-block-group-is-layout-constrained\" style=\"margin-top:0;margin-bottom:0;padding-top:var(--wp--preset--spacing--60);padding-right:var(--wp--preset--spacing--30);padding-bottom:var(--wp--preset--spacing--60);padding-left:var(--wp--preset--spacing--30)\">\n<div class=\"wp-block-columns alignwide are-vertically-aligned-center is-layout-flex wp-container-core-columns-is-layout-643ced6b wp-block-columns-is-layout-flex\">\n<div class=\"wp-block-column is-vertically-aligned-center is-layout-flow wp-container-core-column-is-layout-119bc444 wp-block-column-is-layout-flow\">\n<div class=\"wp-block-group alignwide has-global-padding is-content-justification-left is-layout-constrained wp-container-core-group-is-layout-8b4c372c wp-block-group-is-layout-constrained\">\n<h3 class=\"wp-block-heading\">Informaci\u00f3n de Servicios<\/h3>\n\n\n\n<p style=\"margin-top:16px\">Conozca m\u00e1s sobre nosotros. Encuentre un mar de posibilidades y beneficios asociados con nuestros servicios.<\/p>\n<\/div>\n\n\n\n<div class=\"wp-block-columns alignwide is-layout-flex wp-container-core-columns-is-layout-08c01c1c wp-block-columns-is-layout-flex\">\n<div class=\"wp-block-column is-layout-flow wp-block-column-is-layout-flow\">\n<h3 class=\"wp-block-heading has-text-align-left has-primary-color has-text-color has-large-font-size\">8+<\/h3>\n\n\n\n<h3 class=\"wp-block-heading has-text-align-left has-medium-font-size\" style=\"margin-top:16px\">A\u00f1os de Experiencia<\/h3>\n\n\n\n<p class=\"has-text-align-left has-small-font-size\" style=\"margin-top:8px\">Ofreciendo los mejores negocios en Venta y Alquiler.<\/p>\n<\/div>\n\n\n\n<div class=\"wp-block-column is-layout-flow wp-block-column-is-layout-flow\">\n<h3 class=\"wp-block-heading has-text-align-left has-primary-color has-text-color has-large-font-size\">100% Certificado<\/h3>\n\n\n\n<h3 class=\"wp-block-heading has-text-align-left has-medium-font-size\" style=\"margin-top:16px\">con Licencia de JTBR<\/h3>\n\n\n\n<p class=\"has-text-align-left has-small-font-size\" style=\"margin-top:8px\">Corredor debidamente certificado para operar en Panam\u00e1.<\/p>\n<\/div>\n<\/div>\n\n\n\n<div class=\"wp-block-columns alignwide is-layout-flex wp-container-core-columns-is-layout-08c01c1c wp-block-columns-is-layout-flex\">\n<div class=\"wp-block-column is-layout-flow wp-block-column-is-layout-flow\">\n<h3 class=\"wp-block-heading has-text-align-left has-primary-color has-text-color has-large-font-size\">10<\/h3>\n\n\n\n<h3 class=\"wp-block-heading has-text-align-left has-medium-font-size\" style=\"margin-top:16px\">10 Provincias<\/h3>\n\n\n\n<p class=\"has-text-align-left has-small-font-size\" style=\"margin-top:8px\">Ofrecemos propiedades en todo el territorio, s\u00f3lo cu\u00e9ntenos qu\u00e9 necesita.<\/p>\n<\/div>\n\n\n\n<div class=\"wp-block-column is-layout-flow wp-block-column-is-layout-flow\">\n<h3 class=\"wp-block-heading has-text-align-left has-primary-color has-text-color has-large-font-size\">100%<\/h3>\n\n\n\n<h3 class=\"wp-block-heading has-text-align-left has-medium-font-size\" style=\"margin-top:16px\">Deducibles de Impuestos<\/h3>\n\n\n\n<p class=\"has-text-align-left has-small-font-size\" style=\"margin-top:8px\">Seg\u00fan honorarios acordados, son deducibles de impuesto seg\u00fan las leyes de Panam\u00e1.<\/p>\n<\/div>\n<\/div>\n<\/div>\n\n\n\n<div class=\"wp-block-column is-vertically-aligned-center is-layout-flow wp-container-core-column-is-layout-8a368f38 wp-block-column-is-layout-flow\">\n<figure class=\"wp-block-image size-full ext-import\"><img loading=\"lazy\" decoding=\"async\" width=\"500\" height=\"500\" src=\"https:\/\/top-projectco.com\/realty\/wp-content\/uploads\/2024\/04\/Tony-foto-perfil01-1.jpg\" alt=\"\" class=\"wp-image-39\" srcset=\"https:\/\/top-projectco.com\/realty\/wp-content\/uploads\/2024\/04\/Tony-foto-perfil01-1.jpg 500w, https:\/\/top-projectco.com\/realty\/wp-content\/uploads\/2024\/04\/Tony-foto-perfil01-1-300x300.jpg 300w, https:\/\/top-projectco.com\/realty\/wp-content\/uploads\/2024\/04\/Tony-foto-perfil01-1-150x150.jpg 150w, https:\/\/top-projectco.com\/realty\/wp-content\/uploads\/2024\/04\/Tony-foto-perfil01-1-400x400.jpg 400w, https:\/\/top-projectco.com\/realty\/wp-content\/uploads\/2024\/04\/Tony-foto-perfil01-1-100x100.jpg 100w\" sizes=\"auto, (max-width: 500px) 100vw, 500px\" \/><\/figure>\n\n\n\n<div class=\"wp-block-group has-tertiary-background-color has-background has-global-padding is-layout-constrained wp-container-core-group-is-layout-24fca791 wp-block-group-is-layout-constrained\" style=\"padding-top:var(--wp--preset--spacing--30);padding-right:24px;padding-bottom:var(--wp--preset--spacing--30);padding-left:24px\">\n<p>Perm\u00edtanos ofrecerle un servicio de calidad para encontrar la propiedad que anhela o venderla.<\/p>\n\n\n\n<div class=\"wp-block-group is-nowrap is-layout-flex wp-container-core-group-is-layout-3b4e9d3e wp-block-group-is-layout-flex\">\n<div class=\"wp-block-group has-global-padding is-layout-constrained wp-block-group-is-layout-constrained\">\n<h4 class=\"wp-block-heading has-text-align-left has-small-font-size\">Jos\u00e9 Antonio Daniel<\/h4>\n\n\n\n<p class=\"has-text-align-left has-small-font-size\" style=\"margin-top:2px\">Corredor de Bienes Ra\u00edces<\/p>\n<\/div>\n<\/div>\n<\/div>\n<\/div>\n<\/div>\n<\/div>\n\n\n\n<div class=\"wp-block-group alignfull has-background-background-color has-background has-global-padding is-layout-constrained wp-container-core-group-is-layout-fb85e995 wp-block-group-is-layout-constrained\" style=\"margin-top:0;margin-bottom:0;padding-top:var(--wp--preset--spacing--60);padding-right:var(--wp--preset--spacing--30);padding-bottom:var(--wp--preset--spacing--60);padding-left:var(--wp--preset--spacing--30)\">\n<h3 class=\"wp-block-heading has-text-align-center\" style=\"margin-top:12px\">Encuentre esa propiedad que busca<\/h3>\n\n\n\n<p class=\"has-text-align-center\" style=\"margin-top:16px\">Cont\u00e1ctenos ya!<\/p>\n\n\n\n<div class=\"wp-block-buttons is-content-justification-center is-layout-flex wp-container-core-buttons-is-layout-720bcce9 wp-block-buttons-is-layout-flex\">\n<div class=\"wp-block-button is-style-outline is-style-outline--2\"><a class=\"wp-block-button__link wp-element-button\" href=\"https:\/\/top-projectco.com\/realty\/services\/\">Saber m\u00e1s<\/a><\/div>\n\n\n\n<div class=\"wp-block-button\"><a class=\"wp-block-button__link wp-element-button\" href=\"https:\/\/top-projectco.com\/realty\/contact\/\">Cont\u00e1ctenos<\/a><\/div>\n<\/div>\n<\/div>\n","protected":false},"excerpt":{"rendered":"<p>Informaci\u00f3n de Servicios Conozca m\u00e1s sobre nosotros. Encuentre un mar de posibilidades y beneficios asociados con nuestros servicios. 8+ A\u00f1os de Experiencia Ofreciendo los mejores negocios en Venta y Alquiler. 100% Certificado con Licencia de JTBR Corredor debidamente certificado para operar en Panam\u00e1. 10 10 Provincias Ofrecemos propiedades en todo el territorio, s\u00f3lo cu\u00e9ntenos qu\u00e9 [&hellip;]<\/p>\n","protected":false},"author":1,"featured_media":0,"parent":0,"menu_order":0,"comment_status":"closed","ping_status":"closed","template":"no-title","meta":{"footnotes":""},"class_list":["post-17","page","type-page","status-publish","hentry"],"_links":{"self":[{"href":"https:\/\/top-projectco.com\/realty\/wp-json\/wp\/v2\/pages\/17","targetHints":{"allow":["GET"]}}],"collection":[{"href":"https:\/\/top-projectco.com\/realty\/wp-json\/wp\/v2\/pages"}],"about":[{"href":"https:\/\/top-projectco.com\/realty\/wp-json\/wp\/v2\/types\/page"}],"author":[{"embeddable":true,"href":"https:\/\/top-projectco.com\/realty\/wp-json\/wp\/v2\/users\/1"}],"replies":[{"embeddable":true,"href":"https:\/\/top-projectco.com\/realty\/wp-json\/wp\/v2\/comments?post=17"}],"version-history":[{"count":12,"href":"https:\/\/top-projectco.com\/realty\/wp-json\/wp\/v2\/pages\/17\/revisions"}],"predecessor-version":[{"id":117,"href":"https:\/\/top-projectco.com\/realty\/wp-json\/wp\/v2\/pages\/17\/revisions\/117"}],"wp:attachment":[{"href":"https:\/\/top-projectco.com\/realty\/wp-json\/wp\/v2\/media?parent=17"}],"curies":[{"name":"wp","href":"https:\/\/api.w.org\/{rel}","templated":true}]}}