{"id":81,"date":"2024-08-01T17:33:55","date_gmt":"2024-08-01T17:33:55","guid":{"rendered":"https:\/\/top-projectco.com\/consulting\/?page_id=81"},"modified":"2024-08-01T18:00:05","modified_gmt":"2024-08-01T18:00:05","slug":"soluciones-de-software","status":"publish","type":"page","link":"https:\/\/top-projectco.com\/consulting\/soluciones-de-software\/","title":{"rendered":"Soluciones de Software"},"content":{"rendered":"\n<figure class=\"wp-block-image aligncenter size-full\"><img loading=\"lazy\" decoding=\"async\" width=\"320\" height=\"159\" src=\"https:\/\/top-projectco.com\/consulting\/wp-content\/uploads\/2024\/08\/top-project-Co001-SYS.jpg\" alt=\"\" class=\"wp-image-84\" srcset=\"https:\/\/top-projectco.com\/consulting\/wp-content\/uploads\/2024\/08\/top-project-Co001-SYS.jpg 320w, https:\/\/top-projectco.com\/consulting\/wp-content\/uploads\/2024\/08\/top-project-Co001-SYS-300x149.jpg 300w\" sizes=\"auto, (max-width: 320px) 100vw, 320px\" \/><\/figure>\n\n\n\n<div class=\"wp-block-group alignfull has-background-background-color has-background has-global-padding is-layout-constrained wp-container-core-group-is-layout-7276a2bb wp-block-group-is-layout-constrained\" style=\"margin-top:0;margin-bottom:0;padding-top:var(--wp--preset--spacing--60);padding-right:var(--wp--preset--spacing--30);padding-bottom:var(--wp--preset--spacing--60);padding-left:var(--wp--preset--spacing--30)\">\n<div class=\"wp-block-group has-global-padding is-layout-constrained wp-block-group-is-layout-constrained\">\n<h2 class=\"wp-block-heading has-text-align-center has-large-font-size\">Transforme su Negocio con Soluciones de Software Web innovadoras  <\/h2>\n\n\n\n<p class=\"has-text-align-center\" style=\"margin-top:16px\">Top Project Company desarrolla aplicaciones a su medida seg\u00fan sus necesidades reales. Mejore los procesos de su empresa con automatizaciones de Flujos a trav\u00e9s de soluciones Web seguras que le permiten conocer en tiempo real su operaci\u00f3n.<\/p>\n\n\n\n<div class=\"wp-block-buttons is-content-justification-center is-layout-flex wp-container-core-buttons-is-layout-720bcce9 wp-block-buttons-is-layout-flex\">\n<div class=\"wp-block-button is-style-outline is-style-outline--1\"><a class=\"wp-block-button__link wp-element-button\" href=\"https:\/\/top-projectco.com\/consulting\/aplicaciones-web\/\">Conozca m\u00e1s<\/a><\/div>\n\n\n\n<div class=\"wp-block-button\"><a class=\"wp-block-button__link wp-element-button\" href=\"https:\/\/top-projectco.com\/consulting\/\">Volver<\/a><\/div>\n<\/div>\n<\/div>\n\n\n\n<div style=\"aspect-ratio:16\/9;min-height:unset;\" class=\"wp-block-cover alignwide extendify-image-import has-aspect-ratio\"><span aria-hidden=\"true\" class=\"wp-block-cover__background has-background-dim-0 has-background-dim\"><\/span><img decoding=\"async\" class=\"wp-block-cover__image-background\" alt=\"\" src=\"https:\/\/images.unsplash.com\/photo-1520085601670-ee14aa5fa3e8?fit=crop&amp;crop=entropy%2Cfaces&amp;auto=format%2Ccompress&amp;w=1280\" data-object-fit=\"cover\"\/><div class=\"wp-block-cover__inner-container has-global-padding is-layout-constrained wp-block-cover-is-layout-constrained\">\n<div style=\"height:360px\" aria-hidden=\"true\" class=\"wp-block-spacer\"><\/div>\n<\/div><\/div>\n<\/div>\n","protected":false},"excerpt":{"rendered":"<p>Transforme su Negocio con Soluciones de Software Web innovadoras Top Project Company desarrolla aplicaciones a su medida seg\u00fan sus necesidades reales. Mejore los procesos de su empresa con automatizaciones de [&hellip;]<\/p>\n","protected":false},"author":1,"featured_media":0,"parent":0,"menu_order":0,"comment_status":"closed","ping_status":"closed","template":"","meta":{"_monsterinsights_skip_tracking":false,"_monsterinsights_sitenote_active":false,"_monsterinsights_sitenote_note":"","_monsterinsights_sitenote_category":0,"_EventAllDay":false,"_EventTimezone":"","_EventStartDate":"","_EventEndDate":"","_EventStartDateUTC":"","_EventEndDateUTC":"","_EventShowMap":false,"_EventShowMapLink":false,"_EventURL":"","_EventCost":"","_EventCostDescription":"","_EventCurrencySymbol":"","_EventCurrencyCode":"","_EventCurrencyPosition":"","_EventDateTimeSeparator":"","_EventTimeRangeSeparator":"","_EventOrganizerID":[],"_EventVenueID":[],"_OrganizerEmail":"","_OrganizerPhone":"","_OrganizerWebsite":"","_VenueAddress":"","_VenueCity":"","_VenueCountry":"","_VenueProvince":"","_VenueState":"","_VenueZip":"","_VenuePhone":"","_VenueURL":"","_VenueStateProvince":"","_VenueLat":"","_VenueLng":"","_VenueShowMap":false,"_VenueShowMapLink":false,"footnotes":""},"class_list":["post-81","page","type-page","status-publish","hentry"],"aioseo_notices":[],"_links":{"self":[{"href":"https:\/\/top-projectco.com\/consulting\/wp-json\/wp\/v2\/pages\/81","targetHints":{"allow":["GET"]}}],"collection":[{"href":"https:\/\/top-projectco.com\/consulting\/wp-json\/wp\/v2\/pages"}],"about":[{"href":"https:\/\/top-projectco.com\/consulting\/wp-json\/wp\/v2\/types\/page"}],"author":[{"embeddable":true,"href":"https:\/\/top-projectco.com\/consulting\/wp-json\/wp\/v2\/users\/1"}],"replies":[{"embeddable":true,"href":"https:\/\/top-projectco.com\/consulting\/wp-json\/wp\/v2\/comments?post=81"}],"version-history":[{"count":3,"href":"https:\/\/top-projectco.com\/consulting\/wp-json\/wp\/v2\/pages\/81\/revisions"}],"predecessor-version":[{"id":92,"href":"https:\/\/top-projectco.com\/consulting\/wp-json\/wp\/v2\/pages\/81\/revisions\/92"}],"wp:attachment":[{"href":"https:\/\/top-projectco.com\/consulting\/wp-json\/wp\/v2\/media?parent=81"}],"curies":[{"name":"wp","href":"https:\/\/api.w.org\/{rel}","templated":true}]}}