{"id":57,"date":"2024-04-20T19:06:36","date_gmt":"2024-04-20T19:06:36","guid":{"rendered":"https:\/\/top-projectco.com\/consulting\/?page_id=57"},"modified":"2026-03-24T01:00:16","modified_gmt":"2026-03-24T01:00:16","slug":"bienvenidos-a-top-project-company","status":"publish","type":"page","link":"https:\/\/top-projectco.com\/consulting\/","title":{"rendered":"Bienvenidos"},"content":{"rendered":"\n<figure class=\"wp-block-image aligncenter size-full is-resized\"><img loading=\"lazy\" decoding=\"async\" width=\"1024\" height=\"1024\" src=\"https:\/\/top-projectco.com\/consulting\/wp-content\/uploads\/2026\/03\/1773924528654.jpg\" alt=\"\" class=\"wp-image-131\" style=\"width:137px;height:auto\" srcset=\"https:\/\/top-projectco.com\/consulting\/wp-content\/uploads\/2026\/03\/1773924528654.jpg 1024w, https:\/\/top-projectco.com\/consulting\/wp-content\/uploads\/2026\/03\/1773924528654-300x300.jpg 300w, https:\/\/top-projectco.com\/consulting\/wp-content\/uploads\/2026\/03\/1773924528654-150x150.jpg 150w, https:\/\/top-projectco.com\/consulting\/wp-content\/uploads\/2026\/03\/1773924528654-768x768.jpg 768w, https:\/\/top-projectco.com\/consulting\/wp-content\/uploads\/2026\/03\/1773924528654-600x600.jpg 600w, https:\/\/top-projectco.com\/consulting\/wp-content\/uploads\/2026\/03\/1773924528654-100x100.jpg 100w\" sizes=\"auto, (max-width: 1024px) 100vw, 1024px\" \/><\/figure>\n\n\n\n<div class=\"wp-block-group alignfull has-background-background-color has-background has-global-padding is-layout-constrained wp-container-core-group-is-layout-7276a2bb wp-block-group-is-layout-constrained\" style=\"margin-top:0;margin-bottom:0;padding-top:var(--wp--preset--spacing--60);padding-right:var(--wp--preset--spacing--30);padding-bottom:var(--wp--preset--spacing--60);padding-left:var(--wp--preset--spacing--30)\">\n<div class=\"wp-block-group alignwide has-global-padding is-content-justification-center is-layout-constrained wp-block-group-is-layout-constrained\">\n<h2 class=\"wp-block-heading has-text-align-center\">Seleccione el servicio que necesita<\/h2>\n\n\n\n<p class=\"has-text-align-center\" style=\"margin-top:16px\">Est\u00e1 a un paso de la mejor propuesta de servicios en Panam\u00e1<\/p>\n<\/div>\n\n\n\n<div class=\"wp-block-columns alignwide is-layout-flex wp-container-core-columns-is-layout-5b525043 wp-block-columns-is-layout-flex\">\n<div class=\"wp-block-column is-layout-flow wp-block-column-is-layout-flow\">\n<figure class=\"wp-block-image aligncenter size-full is-resized ext-aspect-landscape ext-import\"><a href=\"https:\/\/top-projectco.com\/consulting\/home\/\"><img loading=\"lazy\" decoding=\"async\" width=\"378\" height=\"196\" src=\"https:\/\/top-projectco.com\/consulting\/wp-content\/uploads\/2024\/04\/tpc001-1.jpg\" alt=\"\" class=\"wp-image-60\" style=\"width:212px;height:auto\" srcset=\"https:\/\/top-projectco.com\/consulting\/wp-content\/uploads\/2024\/04\/tpc001-1.jpg 378w, https:\/\/top-projectco.com\/consulting\/wp-content\/uploads\/2024\/04\/tpc001-1-300x156.jpg 300w\" sizes=\"auto, (max-width: 378px) 100vw, 378px\" \/><\/a><\/figure>\n\n\n\n<h3 class=\"wp-block-heading has-text-align-center\" style=\"margin-top:24px;font-size:clamp(14px, 0.875rem + ((1vw - 3.2px) * 0.625), 20px);line-height:1.5\">PROYECTOS<\/h3>\n\n\n\n<p class=\"has-text-align-center has-small-font-size\" style=\"margin-top:8px\">Gesti\u00f3n de Proyectos, Training, Coaching, Change Management, Design Thinking, Innovation<\/p>\n\n\n\n<div class=\"wp-block-columns is-layout-flex wp-container-core-columns-is-layout-28f84493 wp-block-columns-is-layout-flex\">\n<div class=\"wp-block-column is-layout-flow wp-block-column-is-layout-flow\" style=\"flex-basis:100%\">\n<div class=\"wp-block-buttons is-content-justification-center is-layout-flex wp-container-core-buttons-is-layout-a89b3969 wp-block-buttons-is-layout-flex\">\n<div class=\"wp-block-button has-custom-font-size has-small-font-size\"><a class=\"wp-block-button__link wp-element-button\" href=\"https:\/\/top-projectco.com\/consulting\/home\/\" style=\"background-color: gray;\">Proyectos<\/a><\/div>\n<\/div>\n<\/div>\n<\/div>\n<\/div>\n\n\n\n<div class=\"wp-block-column is-layout-flow wp-block-column-is-layout-flow\">\n<figure class=\"wp-block-image aligncenter size-full is-resized ext-aspect-landscape ext-import\"><a href=\"https:\/\/top-projectco.com\/consulting\/soluciones-de-software\/\"><img loading=\"lazy\" decoding=\"async\" width=\"320\" height=\"159\" src=\"https:\/\/top-projectco.com\/consulting\/wp-content\/uploads\/2024\/08\/top-project-Co001-SYS-1.jpg\" alt=\"\" class=\"wp-image-87\" style=\"width:212px;height:auto\" srcset=\"https:\/\/top-projectco.com\/consulting\/wp-content\/uploads\/2024\/08\/top-project-Co001-SYS-1.jpg 320w, https:\/\/top-projectco.com\/consulting\/wp-content\/uploads\/2024\/08\/top-project-Co001-SYS-1-300x149.jpg 300w\" sizes=\"auto, (max-width: 320px) 100vw, 320px\" \/><\/a><\/figure>\n\n\n\n<h3 class=\"wp-block-heading has-text-align-center\" style=\"margin-top:24px;font-size:clamp(14px, 0.875rem + ((1vw - 3.2px) * 0.625), 20px);line-height:1.5\">DESARROLLO DE SISTEMAS<\/h3>\n\n\n\n<p class=\"has-text-align-center has-small-font-size\" style=\"margin-top:8px\">Desarrollo de Sistemas, Transformaci\u00f3n Digital, Automatizaci\u00f3n de Procesos, RPA<\/p>\n\n\n\n<div class=\"wp-block-buttons is-content-justification-center is-layout-flex wp-container-core-buttons-is-layout-a89b3969 wp-block-buttons-is-layout-flex\">\n<div class=\"wp-block-button has-custom-font-size has-small-font-size\"><a class=\"wp-block-button__link wp-element-button\" href=\"https:\/\/top-projectco.com\/consulting\/soluciones-de-software\/\" style=\"background-color: gray;\">Tecnolog\u00eda<\/a><\/div>\n<\/div>\n<\/div>\n\n\n\n<div class=\"wp-block-column is-layout-flow wp-block-column-is-layout-flow\">\n<figure class=\"wp-block-image aligncenter size-full is-resized ext-aspect-landscape ext-import\"><a href=\"https:\/\/top-projectco.com\/realty\"><img loading=\"lazy\" decoding=\"async\" width=\"317\" height=\"156\" src=\"https:\/\/top-projectco.com\/consulting\/wp-content\/uploads\/2024\/04\/tpc001-RE-1.jpg\" alt=\"\" class=\"wp-image-59\" style=\"width:236px;height:auto\" srcset=\"https:\/\/top-projectco.com\/consulting\/wp-content\/uploads\/2024\/04\/tpc001-RE-1.jpg 317w, https:\/\/top-projectco.com\/consulting\/wp-content\/uploads\/2024\/04\/tpc001-RE-1-300x148.jpg 300w\" sizes=\"auto, (max-width: 317px) 100vw, 317px\" \/><\/a><\/figure>\n\n\n\n<h3 class=\"wp-block-heading has-text-align-center\" style=\"margin-top:24px;font-size:clamp(14px, 0.875rem + ((1vw - 3.2px) * 0.625), 20px);line-height:1.5\">BIENES RA\u00cdCES<\/h3>\n\n\n\n<p class=\"has-text-align-center has-small-font-size\" style=\"margin-top:8px\">Oferta de Propiedades en Venta, Alquiler o Comprar<\/p>\n\n\n\n<div class=\"wp-block-buttons is-content-justification-center is-layout-flex wp-container-core-buttons-is-layout-a89b3969 wp-block-buttons-is-layout-flex\">\n<div class=\"wp-block-button has-custom-font-size has-small-font-size\"><a class=\"wp-block-button__link wp-element-button\" href=\"https:\/\/top-projectco.com\/realty\" style=\"background-color: gray;\">Bienes Ra\u00edces<\/a><\/div>\n<\/div>\n<\/div>\n<\/div>\n<\/div>\n\n\n\n<p><\/p>\n","protected":false},"excerpt":{"rendered":"<p>Seleccione el servicio que necesita Est\u00e1 a un paso de la mejor propuesta de servicios en Panam\u00e1 PROYECTOS Gesti\u00f3n de Proyectos, Training, Coaching, Change Management, Design Thinking, Innovation DESARROLLO DE [&hellip;]<\/p>\n","protected":false},"author":1,"featured_media":0,"parent":0,"menu_order":0,"comment_status":"closed","ping_status":"closed","template":"","meta":{"_monsterinsights_skip_tracking":false,"_monsterinsights_sitenote_active":false,"_monsterinsights_sitenote_note":"","_monsterinsights_sitenote_category":0,"_EventAllDay":false,"_EventTimezone":"","_EventStartDate":"","_EventEndDate":"","_EventStartDateUTC":"","_EventEndDateUTC":"","_EventShowMap":false,"_EventShowMapLink":false,"_EventURL":"","_EventCost":"","_EventCostDescription":"","_EventCurrencySymbol":"","_EventCurrencyCode":"","_EventCurrencyPosition":"","_EventDateTimeSeparator":"","_EventTimeRangeSeparator":"","_EventOrganizerID":[],"_EventVenueID":[],"_OrganizerEmail":"","_OrganizerPhone":"","_OrganizerWebsite":"","_VenueAddress":"","_VenueCity":"","_VenueCountry":"","_VenueProvince":"","_VenueState":"","_VenueZip":"","_VenuePhone":"","_VenueURL":"","_VenueStateProvince":"","_VenueLat":"","_VenueLng":"","_VenueShowMap":false,"_VenueShowMapLink":false,"footnotes":""},"class_list":["post-57","page","type-page","status-publish","hentry"],"aioseo_notices":[],"_links":{"self":[{"href":"https:\/\/top-projectco.com\/consulting\/wp-json\/wp\/v2\/pages\/57","targetHints":{"allow":["GET"]}}],"collection":[{"href":"https:\/\/top-projectco.com\/consulting\/wp-json\/wp\/v2\/pages"}],"about":[{"href":"https:\/\/top-projectco.com\/consulting\/wp-json\/wp\/v2\/types\/page"}],"author":[{"embeddable":true,"href":"https:\/\/top-projectco.com\/consulting\/wp-json\/wp\/v2\/users\/1"}],"replies":[{"embeddable":true,"href":"https:\/\/top-projectco.com\/consulting\/wp-json\/wp\/v2\/comments?post=57"}],"version-history":[{"count":17,"href":"https:\/\/top-projectco.com\/consulting\/wp-json\/wp\/v2\/pages\/57\/revisions"}],"predecessor-version":[{"id":132,"href":"https:\/\/top-projectco.com\/consulting\/wp-json\/wp\/v2\/pages\/57\/revisions\/132"}],"wp:attachment":[{"href":"https:\/\/top-projectco.com\/consulting\/wp-json\/wp\/v2\/media?parent=57"}],"curies":[{"name":"wp","href":"https:\/\/api.w.org\/{rel}","templated":true}]}}