{"id":25,"date":"2024-04-20T14:16:50","date_gmt":"2024-04-20T14:16:50","guid":{"rendered":"https:\/\/top-projectco.com\/consulting\/home\/"},"modified":"2024-08-01T20:20:45","modified_gmt":"2024-08-01T20:20:45","slug":"home","status":"publish","type":"page","link":"https:\/\/top-projectco.com\/consulting\/home\/","title":{"rendered":"Home"},"content":{"rendered":"\n<figure class=\"wp-block-image aligncenter size-full is-resized\"><img loading=\"lazy\" decoding=\"async\" width=\"455\" height=\"426\" src=\"https:\/\/top-projectco.com\/consulting\/wp-content\/uploads\/2024\/04\/logo01.jpg\" alt=\"\" class=\"wp-image-34\" style=\"width:137px;height:auto\" srcset=\"https:\/\/top-projectco.com\/consulting\/wp-content\/uploads\/2024\/04\/logo01.jpg 455w, https:\/\/top-projectco.com\/consulting\/wp-content\/uploads\/2024\/04\/logo01-300x281.jpg 300w\" sizes=\"auto, (max-width: 455px) 100vw, 455px\" \/><\/figure>\n\n\n\n<div class=\"wp-block-group alignfull has-background-color has-foreground-background-color has-text-color has-background has-global-padding is-layout-constrained wp-container-core-group-is-layout-65cc44b9 wp-block-group-is-layout-constrained\" style=\"margin-top:0;margin-bottom:0;padding-top:0;padding-right:0;padding-bottom:0;padding-left:0\">\n<div class=\"wp-block-media-text alignfull has-media-on-the-right is-stacked-on-mobile is-image-fill ext-import\"><div class=\"wp-block-media-text__content\">\n<div class=\"wp-block-group has-global-padding is-content-justification-right is-layout-constrained wp-container-core-group-is-layout-d9584bb7 wp-block-group-is-layout-constrained\" style=\"padding-top:var(--wp--preset--spacing--70);padding-right:0;padding-bottom:var(--wp--preset--spacing--70);padding-left:0\">\n<h1 class=\"wp-block-heading has-background-color has-text-color\" style=\"margin-top:12px\">Transforme sus ideas en Productos y Servicios de VALOR<\/h1>\n\n\n\n<p class=\"has-background-color has-text-color\" style=\"margin-top:16px\">Le apoyamos en sus PROYECTOS de inversi\u00f3n para mejorar sus ingresos, beneficios y satisfacci\u00f3n de sus clientes, con la implementaci\u00f3n de innovaci\u00f3n y nuevas tecnolog\u00edas a trav\u00e9s de nuestros servicios&#8230;<\/p>\n\n\n\n<div class=\"wp-block-buttons is-layout-flex wp-container-core-buttons-is-layout-12dcd427 wp-block-buttons-is-layout-flex\" style=\"margin-top:var(--wp--preset--spacing--40)\">\n<div class=\"wp-block-button\"><a class=\"wp-block-button__link wp-element-button\" href=\"https:\/\/top-projectco.com\/consulting\/portfolio\/\">INICIAR<\/a><\/div>\n\n\n\n<div class=\"wp-block-button is-style-outline is-style-outline--1\"><a class=\"wp-block-button__link wp-element-button\">CON\u00d3ZCA M\u00c1S<\/a><\/div>\n<\/div>\n<\/div>\n<\/div><figure class=\"wp-block-media-text__media\" style=\"background-image:url(https:\/\/images.unsplash.com\/photo-1557425529-b1ae9c141e7d?fit=crop&amp;crop=entropy%2Cfaces&amp;auto=format%2Ccompress&amp;w=1280);background-position:50% 50%\"><img decoding=\"async\" src=\"https:\/\/images.unsplash.com\/photo-1557425529-b1ae9c141e7d?fit=crop&amp;crop=entropy%2Cfaces&amp;auto=format%2Ccompress&amp;w=1280\" alt=\"\"\/><\/figure><\/div>\n<\/div>\n\n\n\n<div class=\"wp-block-group alignfull has-background-background-color has-background has-global-padding is-layout-constrained wp-container-core-group-is-layout-7276a2bb wp-block-group-is-layout-constrained\" style=\"margin-top:0;margin-bottom:0;padding-top:var(--wp--preset--spacing--60);padding-right:var(--wp--preset--spacing--30);padding-bottom:var(--wp--preset--spacing--60);padding-left:var(--wp--preset--spacing--30)\">\n<div class=\"wp-block-columns alignwide are-vertically-aligned-center is-layout-flex wp-container-core-columns-is-layout-47c06fe3 wp-block-columns-is-layout-flex\">\n<div class=\"wp-block-column is-vertically-aligned-center is-layout-flow wp-block-column-is-layout-flow\" style=\"flex-basis:33.3%\">\n<h3 class=\"wp-block-heading has-text-align-left\">Gesti\u00f3n, Training y Asesor\u00eda en Proyectos<\/h3>\n\n\n\n<p style=\"margin-top:16px\"><strong>Mejores pr\u00e1cticas a trav\u00e9s de metodolog\u00edas de Gesti\u00f3n Tradicional (Waterfall) para proyectos bien definidos o mediante metodolog\u00edas \u00e1giles (Agile, Scrum, Kanban, ScrumBan, SAFE, Scrum of Scrums) para equipos de Transformaci\u00f3n Digital y de Innovaci\u00f3n. Asegure el \u00e9xito de su inversi\u00f3n con un liderazgo y ejecuci\u00f3n en manos de personal profesional y experto debidamente certificados.<\/strong><\/p>\n<\/div>\n\n\n\n<div class=\"wp-block-column is-vertically-aligned-center is-layout-flow wp-container-core-column-is-layout-f5bb311e wp-block-column-is-layout-flow\" style=\"flex-basis:50%\">\n<div class=\"wp-block-group is-nowrap is-layout-flex wp-container-core-group-is-layout-bd657856 wp-block-group-is-layout-flex\">\n<figure class=\"wp-block-image ext-import\"><img decoding=\"async\" src=\"https:\/\/images.unsplash.com\/photo-1527689368864-3a821dbccc34?fit=crop&amp;crop=entropy%2Cfaces&amp;auto=format%2Ccompress&amp;w=1280&amp;h=960\" alt=\"\" style=\"aspect-ratio:3\/4;object-fit:cover\"\/><\/figure>\n\n\n\n<figure class=\"wp-block-image ext-import\"><img decoding=\"async\" src=\"https:\/\/images.unsplash.com\/photo-1521791136064-7986c2920216?fit=crop&amp;crop=entropy%2Cfaces&amp;auto=format%2Ccompress&amp;w=1280&amp;h=960\" alt=\"\" style=\"aspect-ratio:3\/4;object-fit:cover\"\/><\/figure>\n<\/div>\n<\/div>\n<\/div>\n<\/div>\n\n\n\n<div class=\"wp-block-group alignfull has-background-background-color has-background has-global-padding is-layout-constrained wp-container-core-group-is-layout-7276a2bb wp-block-group-is-layout-constrained\" style=\"margin-top:0;margin-bottom:0;padding-top:var(--wp--preset--spacing--60);padding-right:var(--wp--preset--spacing--30);padding-bottom:var(--wp--preset--spacing--60);padding-left:var(--wp--preset--spacing--30)\">\n<div class=\"wp-block-group alignwide has-global-padding is-content-justification-center is-layout-constrained wp-block-group-is-layout-constrained\">\n<h2 class=\"wp-block-heading has-text-align-center\">Servicios para cada necesidad que tenga<\/h2>\n\n\n\n<p class=\"has-text-align-center\" style=\"margin-top:16px\">Sea grande o peque\u00f1a, su empresa merece que la inversi\u00f3n que realice se optimice y genere beneficios lo antes posible. Cuente con nosotros en hacerlo realidad!.<\/p>\n<\/div>\n\n\n\n<div class=\"wp-block-columns alignwide is-layout-flex wp-container-core-columns-is-layout-d0846407 wp-block-columns-is-layout-flex\">\n<div class=\"wp-block-column is-layout-flow wp-block-column-is-layout-flow\">\n<figure class=\"wp-block-image ext-aspect-landscape ext-import\"><img decoding=\"async\" src=\"https:\/\/images.unsplash.com\/photo-1573496267526-08a69e46a409?fit=crop&amp;crop=entropy%2Cfaces&amp;auto=format%2Ccompress&amp;w=1280&amp;h=960\" alt=\"\"\/><\/figure>\n\n\n\n<h3 class=\"wp-block-heading has-text-align-center\" style=\"margin-top:24px;font-size:clamp(14px, 0.875rem + ((1vw - 3.2px) * 0.625), 20px);line-height:1.5\">Planeaci\u00f3n Estrat\u00e9gica<\/h3>\n\n\n\n<p class=\"has-text-align-center has-small-font-size\" style=\"margin-top:8px\">Optimice su portafolio de Proyectos con el An\u00e1lisis de lo que m\u00e1s le conviene.<\/p>\n<\/div>\n\n\n\n<div class=\"wp-block-column is-layout-flow wp-block-column-is-layout-flow\">\n<figure class=\"wp-block-image ext-aspect-landscape ext-import\"><img decoding=\"async\" src=\"https:\/\/images.unsplash.com\/photo-1562564055-71e051d33c19?fit=crop&amp;crop=entropy%2Cfaces&amp;auto=format%2Ccompress&amp;w=1280&amp;h=960\" alt=\"\"\/><\/figure>\n\n\n\n<h3 class=\"wp-block-heading has-text-align-center\" style=\"margin-top:24px;font-size:clamp(14px, 0.875rem + ((1vw - 3.2px) * 0.625), 20px);line-height:1.5\">Gesti\u00f3n Efectiva<\/h3>\n\n\n\n<p class=\"has-text-align-center has-small-font-size\" style=\"margin-top:8px\">Las mejores pr\u00e1cticas en Gesti\u00f3n de Proyecto (Agiles o Tradicionales), Peque\u00f1os o Complejos, Individuales o Empresariales.<\/p>\n<\/div>\n\n\n\n<div class=\"wp-block-column is-layout-flow wp-block-column-is-layout-flow\">\n<figure class=\"wp-block-image ext-aspect-landscape ext-import\"><img decoding=\"async\" src=\"https:\/\/images.unsplash.com\/photo-1573497161223-d9c42d7b0bad?fit=crop&amp;crop=entropy%2Cfaces&amp;auto=format%2Ccompress&amp;w=1280&amp;h=960\" alt=\"\"\/><\/figure>\n\n\n\n<h3 class=\"wp-block-heading has-text-align-center\" style=\"margin-top:24px;font-size:clamp(14px, 0.875rem + ((1vw - 3.2px) * 0.625), 20px);line-height:1.5\">Training y Coaching<\/h3>\n\n\n\n<p class=\"has-text-align-center has-small-font-size\" style=\"margin-top:8px\">Mejore el nivel de desempe\u00f1o de sus equipos con nuestro acompa\u00f1amiento totalmente personalizado seg\u00fan sus circunstancias.<\/p>\n<\/div>\n<\/div>\n<\/div>\n\n\n\n<div class=\"wp-block-group alignfull has-background-background-color has-background has-global-padding is-layout-constrained wp-container-core-group-is-layout-68d5e5bb wp-block-group-is-layout-constrained\" style=\"margin-top:0;margin-bottom:0;padding-top:var(--wp--preset--spacing--50);padding-right:var(--wp--preset--spacing--30);padding-bottom:var(--wp--preset--spacing--60);padding-left:var(--wp--preset--spacing--30)\">\n<div class=\"wp-block-columns alignwide is-layout-flex wp-container-core-columns-is-layout-47c06fe3 wp-block-columns-is-layout-flex\">\n<div class=\"wp-block-column is-layout-flow wp-block-column-is-layout-flow\">\n<h3 class=\"wp-block-heading\" style=\"margin-top:12px\">Que nos da la ventaja para apoyarles?<\/h3>\n\n\n\n<p style=\"margin-top:16px\">La gesti\u00f3n de un proyecto involucra muchos factores que inciden en un buen desempe\u00f1o y cumplimiento de los objetivos.<\/p>\n<\/div>\n\n\n\n<div class=\"wp-block-column is-layout-flow wp-block-column-is-layout-flow\">\n<div class=\"wp-block-group has-global-padding is-layout-constrained wp-block-group-is-layout-constrained\">\n<h3 class=\"wp-block-heading\" style=\"margin-top:16px;font-size:clamp(14px, 0.875rem + ((1vw - 3.2px) * 0.625), 20px);line-height:1.5\">Gesti\u00f3n de Portafolio<\/h3>\n\n\n\n<p class=\"has-small-font-size\" style=\"margin-top:8px\">Analizamos su portafolio y determinamos lo que realmente aporta a la Estrategia principal.<\/p>\n<\/div>\n\n\n\n<div class=\"wp-block-group has-global-padding is-layout-constrained wp-block-group-is-layout-constrained\">\n<h3 class=\"wp-block-heading\" style=\"margin-top:16px;font-size:clamp(14px, 0.875rem + ((1vw - 3.2px) * 0.625), 20px);line-height:1.5\">Liderazgo<\/h3>\n\n\n\n<p class=\"has-small-font-size\" style=\"margin-top:8px\">Un equipo mal dirigido y desmotivado genera desperdicios en tiempo y costos.<\/p>\n<\/div>\n\n\n\n<div class=\"wp-block-group has-global-padding is-layout-constrained wp-block-group-is-layout-constrained\">\n<h3 class=\"wp-block-heading\" style=\"margin-top:16px;font-size:clamp(14px, 0.875rem + ((1vw - 3.2px) * 0.625), 20px);line-height:1.5\">Servicio Personalizado<\/h3>\n\n\n\n<p class=\"has-small-font-size\" style=\"margin-top:8px\">Es Gesti\u00f3n o Training o Coaching lo que necesita? o quizas 2 \u00f3 3 de esas opciones? Le ajustamos la propuesta que realmente necesita para ser exitoso.<\/p>\n<\/div>\n<\/div>\n\n\n\n<div class=\"wp-block-column is-layout-flow wp-block-column-is-layout-flow\">\n<div class=\"wp-block-group has-global-padding is-layout-constrained wp-block-group-is-layout-constrained\">\n<h3 class=\"wp-block-heading\" style=\"margin-top:16px;font-size:clamp(14px, 0.875rem + ((1vw - 3.2px) * 0.625), 20px);line-height:1.5\">Gesti\u00f3n Eficiente de Proyectos<\/h3>\n\n\n\n<p class=\"has-small-font-size\" style=\"margin-top:8px\">Determinamos el mejor enfoque de gesti\u00f3n para las condiciones de su proyecto (Agilidad o Tradicional)<\/p>\n<\/div>\n\n\n\n<div class=\"wp-block-group has-global-padding is-layout-constrained wp-block-group-is-layout-constrained\">\n<h3 class=\"wp-block-heading\" style=\"margin-top:16px;font-size:clamp(14px, 0.875rem + ((1vw - 3.2px) * 0.625), 20px);line-height:1.5\">Experiencia<\/h3>\n\n\n\n<p class=\"has-small-font-size\" style=\"margin-top:8px\">Nuestro personal cuenta con experiencia en m\u00faltiples industrias y m\u00faltiples soluciones tecnol\u00f3gicas que facilitan el entendimiento de su iniciativa.<\/p>\n<\/div>\n<\/div>\n<\/div>\n<\/div>\n\n\n\n<div class=\"wp-block-group alignfull has-background-background-color has-background has-global-padding is-layout-constrained wp-container-core-group-is-layout-fb85e995 wp-block-group-is-layout-constrained\" style=\"margin-top:0;margin-bottom:0;padding-top:var(--wp--preset--spacing--60);padding-right:var(--wp--preset--spacing--30);padding-bottom:var(--wp--preset--spacing--60);padding-left:var(--wp--preset--spacing--30)\">\n<p class=\"has-text-align-center has-large-font-size\" style=\"font-style:normal;font-weight:500;line-height:1.3\">&#8220;Nos comprometemos con un servicio profesional y experimentado para dar soluciones realistas que cumplan sus objetivos&#8221;.<\/p>\n\n\n\n<figure class=\"wp-block-image aligncenter size-full is-resized is-style-rounded ext-import\"><img loading=\"lazy\" decoding=\"async\" width=\"500\" height=\"500\" src=\"https:\/\/top-projectco.com\/consulting\/wp-content\/uploads\/2024\/04\/Tony-foto-perfil01.jpg\" alt=\"\" class=\"wp-image-30\" style=\"width:50px;height:auto\" srcset=\"https:\/\/top-projectco.com\/consulting\/wp-content\/uploads\/2024\/04\/Tony-foto-perfil01.jpg 500w, https:\/\/top-projectco.com\/consulting\/wp-content\/uploads\/2024\/04\/Tony-foto-perfil01-300x300.jpg 300w, https:\/\/top-projectco.com\/consulting\/wp-content\/uploads\/2024\/04\/Tony-foto-perfil01-100x100.jpg 100w, https:\/\/top-projectco.com\/consulting\/wp-content\/uploads\/2024\/04\/Tony-foto-perfil01-150x150.jpg 150w\" sizes=\"auto, (max-width: 500px) 100vw, 500px\" \/><\/figure>\n\n\n\n<h4 class=\"wp-block-heading has-text-align-center\" style=\"margin-top:18px;font-size:clamp(14px, 0.875rem + ((1vw - 3.2px) * 0.417), 18px);\">Jos\u00e9 Antonio Daniel<\/h4>\n\n\n\n<p class=\"has-text-align-center has-small-font-size\" style=\"margin-top:4px\">CEO<\/p>\n<\/div>\n\n\n\n<div class=\"wp-block-group alignfull has-background-background-color has-background has-global-padding is-layout-constrained wp-container-core-group-is-layout-7276a2bb wp-block-group-is-layout-constrained\" style=\"margin-top:0;margin-bottom:0;padding-top:var(--wp--preset--spacing--60);padding-right:var(--wp--preset--spacing--30);padding-bottom:var(--wp--preset--spacing--60);padding-left:var(--wp--preset--spacing--30)\">\n<div class=\"wp-block-columns alignwide is-layout-flex wp-container-core-columns-is-layout-47c06fe3 wp-block-columns-is-layout-flex\">\n<div class=\"wp-block-column is-layout-flow wp-container-core-column-is-layout-8a368f38 wp-block-column-is-layout-flow\" style=\"flex-basis:50%\">\n<figure class=\"wp-block-image size-full ext-import\"><img loading=\"lazy\" decoding=\"async\" width=\"500\" height=\"500\" src=\"https:\/\/top-projectco.com\/consulting\/wp-content\/uploads\/2024\/04\/Tony-foto-perfil01.jpg\" alt=\"\" class=\"wp-image-30\" srcset=\"https:\/\/top-projectco.com\/consulting\/wp-content\/uploads\/2024\/04\/Tony-foto-perfil01.jpg 500w, https:\/\/top-projectco.com\/consulting\/wp-content\/uploads\/2024\/04\/Tony-foto-perfil01-300x300.jpg 300w, https:\/\/top-projectco.com\/consulting\/wp-content\/uploads\/2024\/04\/Tony-foto-perfil01-100x100.jpg 100w, https:\/\/top-projectco.com\/consulting\/wp-content\/uploads\/2024\/04\/Tony-foto-perfil01-150x150.jpg 150w\" sizes=\"auto, (max-width: 500px) 100vw, 500px\" \/><\/figure>\n\n\n\n<div class=\"wp-block-group has-tertiary-background-color has-background has-global-padding is-layout-constrained wp-container-core-group-is-layout-24fca791 wp-block-group-is-layout-constrained\" style=\"padding-top:var(--wp--preset--spacing--30);padding-right:24px;padding-bottom:var(--wp--preset--spacing--30);padding-left:24px\">\n<p>Tenemos la capacidad de Gestionar sus proyectos desde cero, o salvar los proyectos que est\u00e1n fallando en su Portafolio. Un buen plan y el correcto uso de los recursos disponibles le har\u00e1 cumplir sus metas.<\/p>\n\n\n\n<div class=\"wp-block-group is-nowrap is-layout-flex wp-container-core-group-is-layout-3b4e9d3e wp-block-group-is-layout-flex\">\n<div class=\"wp-block-group has-global-padding is-layout-constrained wp-block-group-is-layout-constrained\">\n<h4 class=\"wp-block-heading has-text-align-left has-small-font-size\">Jos\u00e9 Antonio Daniel<\/h4>\n\n\n\n<p class=\"has-text-align-left has-small-font-size\" style=\"margin-top:2px\">CEO<\/p>\n<\/div>\n<\/div>\n<\/div>\n<\/div>\n\n\n\n<div class=\"wp-block-column is-layout-flow wp-block-column-is-layout-flow\" style=\"flex-basis:50%\">\n<h3 class=\"wp-block-heading\">H\u00e1ganos saber sus ideas o planes y le haremos una propuesta adecuada.<\/h3>\n\n\n\n<p class=\"has-medium-font-size\"><strong>Ciudad de Panam\u00e1<\/strong><\/p>\n\n\n\n<p class=\"has-medium-font-size\" style=\"margin-top:0\"><strong>Panam\u00e1<\/strong><\/p>\n\n\n\n<p class=\"has-medium-font-size\" style=\"margin-top:8px\">+507 6278-8600<\/p>\n\n\n\n<p class=\"has-medium-font-size\" style=\"margin-top:8px\">jadaniel@top-projectco.com<\/p>\n<\/div>\n<\/div>\n<\/div>\n","protected":false},"excerpt":{"rendered":"<p>Transforme sus ideas en Productos y Servicios de VALOR Le apoyamos en sus PROYECTOS de inversi\u00f3n para mejorar sus ingresos, beneficios y satisfacci\u00f3n de sus clientes, con la implementaci\u00f3n de [&hellip;]<\/p>\n","protected":false},"author":1,"featured_media":0,"parent":0,"menu_order":0,"comment_status":"closed","ping_status":"closed","template":"no-title","meta":{"_monsterinsights_skip_tracking":false,"_monsterinsights_sitenote_active":false,"_monsterinsights_sitenote_note":"","_monsterinsights_sitenote_category":0,"_EventAllDay":false,"_EventTimezone":"","_EventStartDate":"","_EventEndDate":"","_EventStartDateUTC":"","_EventEndDateUTC":"","_EventShowMap":false,"_EventShowMapLink":false,"_EventURL":"","_EventCost":"","_EventCostDescription":"","_EventCurrencySymbol":"","_EventCurrencyCode":"","_EventCurrencyPosition":"","_EventDateTimeSeparator":"","_EventTimeRangeSeparator":"","_EventOrganizerID":[],"_EventVenueID":[],"_OrganizerEmail":"","_OrganizerPhone":"","_OrganizerWebsite":"","_VenueAddress":"","_VenueCity":"","_VenueCountry":"","_VenueProvince":"","_VenueState":"","_VenueZip":"","_VenuePhone":"","_VenueURL":"","_VenueStateProvince":"","_VenueLat":"","_VenueLng":"","_VenueShowMap":false,"_VenueShowMapLink":false,"footnotes":""},"class_list":["post-25","page","type-page","status-publish","hentry"],"aioseo_notices":[],"_links":{"self":[{"href":"https:\/\/top-projectco.com\/consulting\/wp-json\/wp\/v2\/pages\/25","targetHints":{"allow":["GET"]}}],"collection":[{"href":"https:\/\/top-projectco.com\/consulting\/wp-json\/wp\/v2\/pages"}],"about":[{"href":"https:\/\/top-projectco.com\/consulting\/wp-json\/wp\/v2\/types\/page"}],"author":[{"embeddable":true,"href":"https:\/\/top-projectco.com\/consulting\/wp-json\/wp\/v2\/users\/1"}],"replies":[{"embeddable":true,"href":"https:\/\/top-projectco.com\/consulting\/wp-json\/wp\/v2\/comments?post=25"}],"version-history":[{"count":6,"href":"https:\/\/top-projectco.com\/consulting\/wp-json\/wp\/v2\/pages\/25\/revisions"}],"predecessor-version":[{"id":123,"href":"https:\/\/top-projectco.com\/consulting\/wp-json\/wp\/v2\/pages\/25\/revisions\/123"}],"wp:attachment":[{"href":"https:\/\/top-projectco.com\/consulting\/wp-json\/wp\/v2\/media?parent=25"}],"curies":[{"name":"wp","href":"https:\/\/api.w.org\/{rel}","templated":true}]}}