{"id":22,"date":"2024-04-20T14:16:46","date_gmt":"2024-04-20T14:16:46","guid":{"rendered":"https:\/\/top-projectco.com\/consulting\/quote\/"},"modified":"2024-08-01T20:15:18","modified_gmt":"2024-08-01T20:15:18","slug":"quote","status":"publish","type":"page","link":"https:\/\/top-projectco.com\/consulting\/quote\/","title":{"rendered":"Cotizar"},"content":{"rendered":"\n<figure class=\"wp-block-image aligncenter size-full is-resized\"><img loading=\"lazy\" decoding=\"async\" width=\"455\" height=\"426\" src=\"https:\/\/top-projectco.com\/consulting\/wp-content\/uploads\/2024\/04\/logo01.jpg\" alt=\"\" class=\"wp-image-34\" style=\"width:137px;height:auto\" srcset=\"https:\/\/top-projectco.com\/consulting\/wp-content\/uploads\/2024\/04\/logo01.jpg 455w, https:\/\/top-projectco.com\/consulting\/wp-content\/uploads\/2024\/04\/logo01-300x281.jpg 300w\" sizes=\"auto, (max-width: 455px) 100vw, 455px\" \/><\/figure>\n\n\n\n<div class=\"wp-block-group alignfull has-background-background-color has-background has-global-padding is-layout-constrained wp-container-core-group-is-layout-eed7453c wp-block-group-is-layout-constrained\" style=\"margin-top:0;margin-bottom:0;padding-top:0;padding-right:0;padding-left:0\">\n<div class=\"wp-block-cover alignfull ext-import\" style=\"padding-top:0;padding-right:var(--wp--preset--spacing--30);padding-bottom:0;padding-left:var(--wp--preset--spacing--30);min-height:50px;aspect-ratio:unset;\"><span aria-hidden=\"true\" class=\"wp-block-cover__background has-black-background-color has-background-dim-60 has-background-dim\"><\/span><img decoding=\"async\" class=\"wp-block-cover__image-background\" alt=\"\" src=\"https:\/\/images.unsplash.com\/photo-1537511446984-935f663eb1f4?fit=crop&amp;crop=entropy%2Cfaces&amp;auto=format%2Ccompress&amp;w=1280\" data-object-fit=\"cover\"\/><div class=\"wp-block-cover__inner-container is-layout-flow wp-block-cover-is-layout-flow\">\n<div class=\"wp-block-group has-global-padding is-layout-constrained wp-block-group-is-layout-constrained\" style=\"padding-top:var(--wp--preset--spacing--60);padding-bottom:var(--wp--preset--spacing--60)\">\n<div class=\"wp-block-columns alignwide are-vertically-aligned-center is-layout-flex wp-container-core-columns-is-layout-947c9d80 wp-block-columns-is-layout-flex\">\n<div class=\"wp-block-column is-vertically-aligned-center is-layout-flow wp-block-column-is-layout-flow\">\n<h1 class=\"wp-block-heading has-text-color has-x-large-font-size\" style=\"color:#fffffffc\">Impulsando sus buenas IDEAS!<\/h1>\n<\/div>\n\n\n\n<div class=\"wp-block-column is-vertically-aligned-center is-layout-flow wp-block-column-is-layout-flow\">\n<p class=\"has-text-color\" style=\"color:#fffffffc\">Gesti\u00f3n en Innovaci\u00f3n de Modelos de Negocio, Transformaci\u00f3n Digital, Implementaci\u00f3n de Nuevas Tecnolog\u00edas. Todos son tipos de Proyectos, Programas o Portafolios que podemos Gestionar por usted.<\/p>\n<\/div>\n<\/div>\n<\/div>\n<\/div><\/div>\n<\/div>\n\n\n\n<div class=\"wp-block-group alignfull has-background-background-color has-background has-global-padding is-layout-constrained wp-container-core-group-is-layout-7276a2bb wp-block-group-is-layout-constrained\" style=\"margin-top:0;margin-bottom:0;padding-top:var(--wp--preset--spacing--60);padding-right:var(--wp--preset--spacing--30);padding-bottom:var(--wp--preset--spacing--60);padding-left:var(--wp--preset--spacing--30)\">\n<div class=\"wp-block-columns alignwide are-vertically-aligned-top is-layout-flex wp-container-core-columns-is-layout-47c06fe3 wp-block-columns-is-layout-flex\">\n<div class=\"wp-block-column is-vertically-aligned-top is-layout-flow wp-block-column-is-layout-flow\" style=\"flex-basis:55%\">\n<h3 class=\"wp-block-heading\">Cotize con nosotros<\/h3>\n\n\n\n<p style=\"margin-top:16px\">Obtenga una cotizaci\u00f3n personalizada seg\u00fan sus necesidades en Gesti\u00f3n, Training, Coaching u cualquier idea que tenga.<\/p>\n\n\n\n<div class=\"wp-block-group has-tertiary-background-color has-background has-global-padding is-layout-constrained wp-container-core-group-is-layout-a666d811 wp-block-group-is-layout-constrained\" style=\"padding-top:var(--wp--preset--spacing--40);padding-right:var(--wp--preset--spacing--40);padding-bottom:var(--wp--preset--spacing--40);padding-left:var(--wp--preset--spacing--40)\">\n<p class=\"has-text-align-center\"><strong>Ciudad de Panam\u00e1, Panam\u00e1<\/strong><\/p>\n\n\n\n<p class=\"has-text-align-center\" style=\"margin-top:0;margin-bottom:12px\"><strong>Jos\u00e9 Antonio Daniel<\/strong><\/p>\n\n\n\n<p class=\"has-text-align-center\" style=\"margin-top:8px\">+507 <strong>6278-8600<\/strong><\/p>\n\n\n\n<p class=\"has-text-align-center\" style=\"margin-top:8px\">jadaniel@top-projectco.com<\/p>\n<\/div>\n<\/div>\n\n\n\n<div class=\"wp-block-column is-vertically-aligned-top is-layout-flow wp-block-column-is-layout-flow\">\n<figure class=\"wp-block-image ext-import\"><img decoding=\"async\" src=\"https:\/\/images.unsplash.com\/photo-1698891667786-477953058f55?fit=crop&amp;crop=entropy%2Cfaces&amp;auto=format%2Ccompress&amp;w=1280&amp;h=960\" alt=\"\"\/><\/figure>\n<\/div>\n<\/div>\n<\/div>\n\n\n\n<div class=\"wp-block-group alignfull has-background-background-color has-background has-global-padding is-layout-constrained wp-container-core-group-is-layout-fb85e995 wp-block-group-is-layout-constrained\" style=\"margin-top:0;margin-bottom:0;padding-top:var(--wp--preset--spacing--60);padding-right:var(--wp--preset--spacing--30);padding-bottom:var(--wp--preset--spacing--60);padding-left:var(--wp--preset--spacing--30)\">\n<p class=\"has-text-align-center has-large-font-size\" style=\"font-style:normal;font-weight:500;line-height:1.3\">Podemos gestionar cualquier Proyecto en modo Remoto en Am\u00e9rica Latina y presencial en Panam\u00e1.<\/p>\n\n\n\n<figure class=\"wp-block-image aligncenter size-full is-resized is-style-rounded ext-import\"><img loading=\"lazy\" decoding=\"async\" width=\"500\" height=\"500\" src=\"https:\/\/top-projectco.com\/consulting\/wp-content\/uploads\/2024\/04\/Tony-foto-perfil01.jpg\" alt=\"\" class=\"wp-image-30\" style=\"width:50px;height:auto\" srcset=\"https:\/\/top-projectco.com\/consulting\/wp-content\/uploads\/2024\/04\/Tony-foto-perfil01.jpg 500w, https:\/\/top-projectco.com\/consulting\/wp-content\/uploads\/2024\/04\/Tony-foto-perfil01-300x300.jpg 300w, https:\/\/top-projectco.com\/consulting\/wp-content\/uploads\/2024\/04\/Tony-foto-perfil01-100x100.jpg 100w, https:\/\/top-projectco.com\/consulting\/wp-content\/uploads\/2024\/04\/Tony-foto-perfil01-150x150.jpg 150w\" sizes=\"auto, (max-width: 500px) 100vw, 500px\" \/><\/figure>\n\n\n\n<h4 class=\"wp-block-heading has-text-align-center\" style=\"margin-top:18px;font-size:clamp(14px, 0.875rem + ((1vw - 3.2px) * 0.417), 18px);\">Jos\u00e9 Antonio Daniel<\/h4>\n\n\n\n<p class=\"has-text-align-center has-small-font-size\" style=\"margin-top:4px\">CEO<\/p>\n<\/div>\n","protected":false},"excerpt":{"rendered":"<p>Cotize con nosotros Obtenga una cotizaci\u00f3n personalizada seg\u00fan sus necesidades en Gesti\u00f3n, Training, Coaching u cualquier idea que tenga. Ciudad de Panam\u00e1, Panam\u00e1 Jos\u00e9 Antonio Daniel +507 6278-8600 jadaniel@top-projectco.com Podemos [&hellip;]<\/p>\n","protected":false},"author":1,"featured_media":0,"parent":0,"menu_order":0,"comment_status":"closed","ping_status":"closed","template":"no-title","meta":{"_monsterinsights_skip_tracking":false,"_monsterinsights_sitenote_active":false,"_monsterinsights_sitenote_note":"","_monsterinsights_sitenote_category":0,"_EventAllDay":false,"_EventTimezone":"","_EventStartDate":"","_EventEndDate":"","_EventStartDateUTC":"","_EventEndDateUTC":"","_EventShowMap":false,"_EventShowMapLink":false,"_EventURL":"","_EventCost":"","_EventCostDescription":"","_EventCurrencySymbol":"","_EventCurrencyCode":"","_EventCurrencyPosition":"","_EventDateTimeSeparator":"","_EventTimeRangeSeparator":"","_EventOrganizerID":[],"_EventVenueID":[],"_OrganizerEmail":"","_OrganizerPhone":"","_OrganizerWebsite":"","_VenueAddress":"","_VenueCity":"","_VenueCountry":"","_VenueProvince":"","_VenueState":"","_VenueZip":"","_VenuePhone":"","_VenueURL":"","_VenueStateProvince":"","_VenueLat":"","_VenueLng":"","_VenueShowMap":false,"_VenueShowMapLink":false,"footnotes":""},"class_list":["post-22","page","type-page","status-publish","hentry"],"aioseo_notices":[],"_links":{"self":[{"href":"https:\/\/top-projectco.com\/consulting\/wp-json\/wp\/v2\/pages\/22","targetHints":{"allow":["GET"]}}],"collection":[{"href":"https:\/\/top-projectco.com\/consulting\/wp-json\/wp\/v2\/pages"}],"about":[{"href":"https:\/\/top-projectco.com\/consulting\/wp-json\/wp\/v2\/types\/page"}],"author":[{"embeddable":true,"href":"https:\/\/top-projectco.com\/consulting\/wp-json\/wp\/v2\/users\/1"}],"replies":[{"embeddable":true,"href":"https:\/\/top-projectco.com\/consulting\/wp-json\/wp\/v2\/comments?post=22"}],"version-history":[{"count":2,"href":"https:\/\/top-projectco.com\/consulting\/wp-json\/wp\/v2\/pages\/22\/revisions"}],"predecessor-version":[{"id":118,"href":"https:\/\/top-projectco.com\/consulting\/wp-json\/wp\/v2\/pages\/22\/revisions\/118"}],"wp:attachment":[{"href":"https:\/\/top-projectco.com\/consulting\/wp-json\/wp\/v2\/media?parent=22"}],"curies":[{"name":"wp","href":"https:\/\/api.w.org\/{rel}","templated":true}]}}