{"id":20,"date":"2024-04-20T14:16:43","date_gmt":"2024-04-20T14:16:43","guid":{"rendered":"https:\/\/top-projectco.com\/consulting\/about\/"},"modified":"2024-08-01T20:13:05","modified_gmt":"2024-08-01T20:13:05","slug":"about","status":"publish","type":"page","link":"https:\/\/top-projectco.com\/consulting\/about\/","title":{"rendered":"Acerca de Nosotros"},"content":{"rendered":"\n<figure class=\"wp-block-image aligncenter size-full is-resized\"><img loading=\"lazy\" decoding=\"async\" width=\"455\" height=\"426\" src=\"https:\/\/top-projectco.com\/consulting\/wp-content\/uploads\/2024\/04\/logo01.jpg\" alt=\"\" class=\"wp-image-34\" style=\"width:137px;height:auto\" srcset=\"https:\/\/top-projectco.com\/consulting\/wp-content\/uploads\/2024\/04\/logo01.jpg 455w, https:\/\/top-projectco.com\/consulting\/wp-content\/uploads\/2024\/04\/logo01-300x281.jpg 300w\" sizes=\"auto, (max-width: 455px) 100vw, 455px\" \/><\/figure>\n\n\n\n<div class=\"wp-block-group alignfull has-background-background-color has-background has-global-padding is-layout-constrained wp-container-core-group-is-layout-7276a2bb wp-block-group-is-layout-constrained\" style=\"margin-top:0;margin-bottom:0;padding-top:var(--wp--preset--spacing--60);padding-right:var(--wp--preset--spacing--30);padding-bottom:var(--wp--preset--spacing--60);padding-left:var(--wp--preset--spacing--30)\">\n<div class=\"wp-block-columns alignwide is-layout-flex wp-container-core-columns-is-layout-47c06fe3 wp-block-columns-is-layout-flex\">\n<div class=\"wp-block-column is-layout-flow wp-block-column-is-layout-flow\" style=\"flex-basis:50%\">\n<h3 class=\"wp-block-heading has-text-align-left\" style=\"margin-top:12px\">Somos el Partner que necesita para implementar sus Proyectos o dirigir a sus equipos<\/h3>\n<\/div>\n\n\n\n<div class=\"wp-block-column is-layout-flow wp-container-core-column-is-layout-f5bb311e wp-block-column-is-layout-flow\" style=\"flex-basis:50%\">\n<p>Contamos con una amplia experiencia en la Gesti\u00f3n de Proyectos de Tecnolog\u00eda en distintas industrias (Banca, Transporte, Seguros, Telecomunicaci\u00f3n, entre otros mas).<\/p>\n\n\n\n<p>Utilizamos las mejores pr\u00e1cticas de gesti\u00f3n (Tradicional o Agiles) con las mejores herramientas y sistemas para liderar equipos exitosos.<\/p>\n<\/div>\n<\/div>\n<\/div>\n\n\n\n<div class=\"wp-block-group alignfull has-background-background-color has-background has-global-padding is-layout-constrained wp-container-core-group-is-layout-fb85e995 wp-block-group-is-layout-constrained\" style=\"margin-top:0;margin-bottom:0;padding-top:var(--wp--preset--spacing--60);padding-right:var(--wp--preset--spacing--30);padding-bottom:var(--wp--preset--spacing--60);padding-left:var(--wp--preset--spacing--30)\">\n<p class=\"has-text-align-center has-large-font-size\" style=\"font-style:normal;font-weight:500;line-height:1.3\">Desde la Concepci\u00f3n de sus grandes ideas hasta la activaci\u00f3n en producci\u00f3n. Ciclo completo de Gesti\u00f3n con las mejores pr\u00e1cticas.<\/p>\n\n\n\n<figure class=\"wp-block-image aligncenter size-full is-resized is-style-rounded ext-import\"><img loading=\"lazy\" decoding=\"async\" width=\"500\" height=\"500\" src=\"https:\/\/top-projectco.com\/consulting\/wp-content\/uploads\/2024\/04\/Tony-foto-perfil01.jpg\" alt=\"\" class=\"wp-image-30\" style=\"width:50px;height:auto\" srcset=\"https:\/\/top-projectco.com\/consulting\/wp-content\/uploads\/2024\/04\/Tony-foto-perfil01.jpg 500w, https:\/\/top-projectco.com\/consulting\/wp-content\/uploads\/2024\/04\/Tony-foto-perfil01-300x300.jpg 300w, https:\/\/top-projectco.com\/consulting\/wp-content\/uploads\/2024\/04\/Tony-foto-perfil01-100x100.jpg 100w, https:\/\/top-projectco.com\/consulting\/wp-content\/uploads\/2024\/04\/Tony-foto-perfil01-150x150.jpg 150w\" sizes=\"auto, (max-width: 500px) 100vw, 500px\" \/><\/figure>\n\n\n\n<h4 class=\"wp-block-heading has-text-align-center\" style=\"margin-top:18px;font-size:clamp(14px, 0.875rem + ((1vw - 3.2px) * 0.417), 18px);\">Jos\u00e9 Antonio Daniel<\/h4>\n\n\n\n<p class=\"has-text-align-center has-small-font-size\" style=\"margin-top:4px\">CEO<\/p>\n<\/div>\n\n\n\n<div class=\"wp-block-group alignfull has-background-background-color has-background has-global-padding is-layout-constrained wp-container-core-group-is-layout-7276a2bb wp-block-group-is-layout-constrained\" style=\"margin-top:0;margin-bottom:0;padding-top:var(--wp--preset--spacing--60);padding-right:var(--wp--preset--spacing--30);padding-bottom:var(--wp--preset--spacing--60);padding-left:var(--wp--preset--spacing--30)\">\n<div class=\"wp-block-columns alignwide are-vertically-aligned-center has-tertiary-background-color has-background is-layout-flex wp-container-core-columns-is-layout-7c9548a8 wp-block-columns-is-layout-flex\" style=\"padding-top:0;padding-right:0;padding-bottom:0;padding-left:0\">\n<div class=\"wp-block-column is-vertically-aligned-center is-layout-flow wp-block-column-is-layout-flow\" style=\"flex-basis:40%\">\n<div class=\"wp-block-cover ext-import\"><span aria-hidden=\"true\" class=\"wp-block-cover__background has-background-dim-0 has-background-dim\"><\/span><img decoding=\"async\" class=\"wp-block-cover__image-background\" alt=\"\" src=\"https:\/\/images.unsplash.com\/photo-1698047682091-782b1e5c6536?fit=crop&amp;crop=entropy%2Cfaces&amp;auto=format%2Ccompress&amp;w=1280\" data-object-fit=\"cover\"\/><div class=\"wp-block-cover__inner-container is-layout-flow wp-block-cover-is-layout-flow\">\n<p class=\"has-text-align-center has-large-font-size\"><\/p>\n<\/div><\/div>\n<\/div>\n\n\n\n<div class=\"wp-block-column is-vertically-aligned-center is-layout-flow wp-block-column-is-layout-flow\">\n<div class=\"wp-block-group has-global-padding is-layout-constrained wp-container-core-group-is-layout-301020a0 wp-block-group-is-layout-constrained\" style=\"padding-top:var(--wp--preset--spacing--50);padding-right:var(--wp--preset--spacing--50);padding-bottom:var(--wp--preset--spacing--50);padding-left:var(--wp--preset--spacing--50)\">\n<h3 class=\"wp-block-heading\" style=\"margin-top:12px\">H\u00e1ga sus Proyectos una realidad<\/h3>\n\n\n\n<p style=\"margin-top:16px\">Mejores pr\u00e1cticas aplicadas para sus Proyectos tradicionales o \u00e1giles, Liderazgo y Training a sus equipos, Coaching o Asesor\u00eda a sus Directivos, Innovaci\u00f3n y Transformaci\u00f3n Digital en sus productos y servicios.<\/p>\n\n\n\n<div class=\"wp-block-buttons is-content-justification-left is-layout-flex wp-container-core-buttons-is-layout-ec155617 wp-block-buttons-is-layout-flex\" style=\"margin-top:var(--wp--preset--spacing--40)\">\n<div class=\"wp-block-button is-style-outline is-style-outline--1\"><a class=\"wp-block-button__link wp-element-button\" href=\"https:\/\/top-projectco.com\/consulting\/services\/\">Con\u00f3zca m\u00e1s<\/a><\/div>\n\n\n\n<div class=\"wp-block-button\"><a class=\"wp-block-button__link wp-element-button\" href=\"https:\/\/top-projectco.com\/consulting\/contact\/\">Cont\u00e1ctenos<\/a><\/div>\n<\/div>\n<\/div>\n<\/div>\n<\/div>\n<\/div>\n","protected":false},"excerpt":{"rendered":"<p>Somos el Partner que necesita para implementar sus Proyectos o dirigir a sus equipos Contamos con una amplia experiencia en la Gesti\u00f3n de Proyectos de Tecnolog\u00eda en distintas industrias (Banca, [&hellip;]<\/p>\n","protected":false},"author":1,"featured_media":0,"parent":0,"menu_order":0,"comment_status":"closed","ping_status":"closed","template":"no-title","meta":{"_monsterinsights_skip_tracking":false,"_monsterinsights_sitenote_active":false,"_monsterinsights_sitenote_note":"","_monsterinsights_sitenote_category":0,"_EventAllDay":false,"_EventTimezone":"","_EventStartDate":"","_EventEndDate":"","_EventStartDateUTC":"","_EventEndDateUTC":"","_EventShowMap":false,"_EventShowMapLink":false,"_EventURL":"","_EventCost":"","_EventCostDescription":"","_EventCurrencySymbol":"","_EventCurrencyCode":"","_EventCurrencyPosition":"","_EventDateTimeSeparator":"","_EventTimeRangeSeparator":"","_EventOrganizerID":[],"_EventVenueID":[],"_OrganizerEmail":"","_OrganizerPhone":"","_OrganizerWebsite":"","_VenueAddress":"","_VenueCity":"","_VenueCountry":"","_VenueProvince":"","_VenueState":"","_VenueZip":"","_VenuePhone":"","_VenueURL":"","_VenueStateProvince":"","_VenueLat":"","_VenueLng":"","_VenueShowMap":false,"_VenueShowMapLink":false,"footnotes":""},"class_list":["post-20","page","type-page","status-publish","hentry"],"aioseo_notices":[],"_links":{"self":[{"href":"https:\/\/top-projectco.com\/consulting\/wp-json\/wp\/v2\/pages\/20","targetHints":{"allow":["GET"]}}],"collection":[{"href":"https:\/\/top-projectco.com\/consulting\/wp-json\/wp\/v2\/pages"}],"about":[{"href":"https:\/\/top-projectco.com\/consulting\/wp-json\/wp\/v2\/types\/page"}],"author":[{"embeddable":true,"href":"https:\/\/top-projectco.com\/consulting\/wp-json\/wp\/v2\/users\/1"}],"replies":[{"embeddable":true,"href":"https:\/\/top-projectco.com\/consulting\/wp-json\/wp\/v2\/comments?post=20"}],"version-history":[{"count":9,"href":"https:\/\/top-projectco.com\/consulting\/wp-json\/wp\/v2\/pages\/20\/revisions"}],"predecessor-version":[{"id":117,"href":"https:\/\/top-projectco.com\/consulting\/wp-json\/wp\/v2\/pages\/20\/revisions\/117"}],"wp:attachment":[{"href":"https:\/\/top-projectco.com\/consulting\/wp-json\/wp\/v2\/media?parent=20"}],"curies":[{"name":"wp","href":"https:\/\/api.w.org\/{rel}","templated":true}]}}